{"id":576,"date":"2020-06-12T15:43:30","date_gmt":"2020-06-12T15:43:30","guid":{"rendered":"https:\/\/demo.creativethemes.com\/blocksy\/charity\/?page_id=2"},"modified":"2021-10-26T22:18:10","modified_gmt":"2021-10-26T20:18:10","slug":"historique","status":"publish","type":"page","link":"https:\/\/www.fondsdelunionbouddhistedefrance.fr\/index.php\/historique\/","title":{"rendered":"Historique"},"content":{"rendered":"\n<div style=\"height:100px\" aria-hidden=\"true\" class=\"wp-block-spacer\"><\/div>\n\n\n\n<div class=\"wp-block-media-text alignwide is-stacked-on-mobile\" style=\"grid-template-columns:35% auto\"><figure class=\"wp-block-media-text__media\"><img decoding=\"async\" loading=\"lazy\" width=\"1024\" height=\"798\" src=\"http:\/\/www.fondsdelunionbouddhistedefrance.fr\/wp-content\/uploads\/2021\/10\/main3-1024x798.jpg\" alt=\"\" class=\"wp-image-609 size-full\" srcset=\"https:\/\/www.fondsdelunionbouddhistedefrance.fr\/wp-content\/uploads\/2021\/10\/main3-1024x798.jpg 1024w, https:\/\/www.fondsdelunionbouddhistedefrance.fr\/wp-content\/uploads\/2021\/10\/main3-300x234.jpg 300w, https:\/\/www.fondsdelunionbouddhistedefrance.fr\/wp-content\/uploads\/2021\/10\/main3-768x598.jpg 768w, https:\/\/www.fondsdelunionbouddhistedefrance.fr\/wp-content\/uploads\/2021\/10\/main3.jpg 1475w\" sizes=\"(max-width: 1024px) 100vw, 1024px\" \/><\/figure><div class=\"wp-block-media-text__content\">\n<p class=\"has-medium-font-size\">L\u2019<a href=\"https:\/\/www.bouddhisme-france.org\" target=\"_blank\" rel=\"noreferrer noopener\">Union Bouddhiste de France<\/a> a cr\u00e9\u00e9 un fonds de dotation en juin 2020. Ce fonds d\u2019int\u00e9r\u00eat g\u00e9n\u00e9ral a pour but d\u2019\u0153uvrer dans les domaines&nbsp;<strong>social, \u00e9ducatif, culturel et environnemental pour tous.<\/strong><\/p>\n\n\n\n<p class=\"has-medium-font-size\">C\u2019est une structure philanthropique dans laquelle chacun(e), en affinit\u00e9 avec les valeurs bouddhistes de paix, de sagesse, de g\u00e9n\u00e9rosit\u00e9 et de tol\u00e9rance peut s\u2019investir pour agir dans le monde.<\/p>\n\n\n\n<p class=\"has-medium-font-size\">Le Fonds de dotation de l\u2019UBF intervient lui-m\u00eame directement dans le cadre de l\u2019int\u00e9r\u00eat g\u00e9n\u00e9ral ou aide d\u2019autres organismes d\u2019int\u00e9r\u00eats similaires.<\/p>\n<\/div><\/div>\n\n\n\n<div style=\"height:100px\" aria-hidden=\"true\" class=\"wp-block-spacer\"><\/div>\n\n\n\n<p><\/p>\n\n\n\n<p><\/p>\n","protected":false},"excerpt":{"rendered":"<p>L\u2019Union Bouddhiste de France a cr\u00e9\u00e9 un fonds de dotation en juin 2020. Ce fonds d\u2019int\u00e9r\u00eat g\u00e9n\u00e9ral a pour but d\u2019\u0153uvrer dans les domaines&nbsp;social, \u00e9ducatif, culturel et environnemental pour tous. C\u2019est une structure philanthropique dans laquelle chacun(e), en affinit\u00e9 avec les valeurs bouddhistes de paix, de sagesse, de g\u00e9n\u00e9rosit\u00e9 et de tol\u00e9rance peut s\u2019investir pour [&hellip;]<\/p>\n","protected":false},"author":1,"featured_media":739,"parent":0,"menu_order":0,"comment_status":"closed","ping_status":"open","template":"","meta":{"footnotes":""},"blocksy_meta":{"styles_descriptor":{"styles":{"desktop":"","tablet":"","mobile":""},"google_fonts":[],"version":6}},"featured_image_urls":{"full":["https:\/\/www.fondsdelunionbouddhistedefrance.fr\/wp-content\/uploads\/2021\/10\/image-17.jpeg",700,407,false],"thumbnail":["https:\/\/www.fondsdelunionbouddhistedefrance.fr\/wp-content\/uploads\/2021\/10\/image-17-150x150.jpeg",150,150,true],"medium":["https:\/\/www.fondsdelunionbouddhistedefrance.fr\/wp-content\/uploads\/2021\/10\/image-17-300x174.jpeg",300,174,true],"medium_large":["https:\/\/www.fondsdelunionbouddhistedefrance.fr\/wp-content\/uploads\/2021\/10\/image-17.jpeg",700,407,false],"large":["https:\/\/www.fondsdelunionbouddhistedefrance.fr\/wp-content\/uploads\/2021\/10\/image-17.jpeg",700,407,false],"1536x1536":["https:\/\/www.fondsdelunionbouddhistedefrance.fr\/wp-content\/uploads\/2021\/10\/image-17.jpeg",700,407,false],"2048x2048":["https:\/\/www.fondsdelunionbouddhistedefrance.fr\/wp-content\/uploads\/2021\/10\/image-17.jpeg",700,407,false]},"post_excerpt_stackable":"<p>L\u2019Union Bouddhiste de France a cr\u00e9\u00e9 un fonds de dotation en juin 2020. Ce fonds d\u2019int\u00e9r\u00eat g\u00e9n\u00e9ral a pour but d\u2019\u0153uvrer dans les domaines&nbsp;social, \u00e9ducatif, culturel et environnemental pour tous. C\u2019est une structure philanthropique dans laquelle chacun(e), en affinit\u00e9 avec les valeurs bouddhistes de paix, de sagesse, de g\u00e9n\u00e9rosit\u00e9 et de tol\u00e9rance peut s\u2019investir pour agir dans le monde. Le Fonds de dotation de l\u2019UBF intervient lui-m\u00eame directement dans le cadre de l\u2019int\u00e9r\u00eat g\u00e9n\u00e9ral ou aide d\u2019autres organismes d\u2019int\u00e9r\u00eats similaires.<\/p>\n","category_list":"","author_info":{"name":"admin6372","url":"https:\/\/www.fondsdelunionbouddhistedefrance.fr\/index.php\/author\/admin6372\/"},"comments_num":"0 commentaire","featured_image_urls_v2":{"full":["https:\/\/www.fondsdelunionbouddhistedefrance.fr\/wp-content\/uploads\/2021\/10\/image-17.jpeg",700,407,false],"thumbnail":["https:\/\/www.fondsdelunionbouddhistedefrance.fr\/wp-content\/uploads\/2021\/10\/image-17-150x150.jpeg",150,150,true],"medium":["https:\/\/www.fondsdelunionbouddhistedefrance.fr\/wp-content\/uploads\/2021\/10\/image-17-300x174.jpeg",300,174,true],"medium_large":["https:\/\/www.fondsdelunionbouddhistedefrance.fr\/wp-content\/uploads\/2021\/10\/image-17.jpeg",700,407,false],"large":["https:\/\/www.fondsdelunionbouddhistedefrance.fr\/wp-content\/uploads\/2021\/10\/image-17.jpeg",700,407,false],"1536x1536":["https:\/\/www.fondsdelunionbouddhistedefrance.fr\/wp-content\/uploads\/2021\/10\/image-17.jpeg",700,407,false],"2048x2048":["https:\/\/www.fondsdelunionbouddhistedefrance.fr\/wp-content\/uploads\/2021\/10\/image-17.jpeg",700,407,false]},"post_excerpt_stackable_v2":"<p>L\u2019Union Bouddhiste de France a cr\u00e9\u00e9 un fonds de dotation en juin 2020. Ce fonds d\u2019int\u00e9r\u00eat g\u00e9n\u00e9ral a pour but d\u2019\u0153uvrer dans les domaines&nbsp;social, \u00e9ducatif, culturel et environnemental pour tous. C\u2019est une structure philanthropique dans laquelle chacun(e), en affinit\u00e9 avec les valeurs bouddhistes de paix, de sagesse, de g\u00e9n\u00e9rosit\u00e9 et de tol\u00e9rance peut s\u2019investir pour agir dans le monde. Le Fonds de dotation de l\u2019UBF intervient lui-m\u00eame directement dans le cadre de l\u2019int\u00e9r\u00eat g\u00e9n\u00e9ral ou aide d\u2019autres organismes d\u2019int\u00e9r\u00eats similaires.<\/p>\n","category_list_v2":"","author_info_v2":{"name":"admin6372","url":"https:\/\/www.fondsdelunionbouddhistedefrance.fr\/index.php\/author\/admin6372\/"},"comments_num_v2":"0 commentaire","yoast_head":"<!-- This site is optimized with the Yoast SEO plugin v22.3 - https:\/\/yoast.com\/wordpress\/plugins\/seo\/ -->\n<title>Historique - Fonds de l&#039;Union Bouddhiste de France<\/title>\n<meta name=\"description\" content=\"L\u2019Union Bouddhiste de France a cr\u00e9\u00e9 un fonds de dotation en juin 2020. Ce fonds d\u2019int\u00e9r\u00eat g\u00e9n\u00e9ral a pour but d\u2019\u0153uvrer dans les domaines social, \u00e9ducatif, culturel et environnemental pour tous.\" \/>\n<meta name=\"robots\" content=\"index, follow, max-snippet:-1, max-image-preview:large, max-video-preview:-1\" \/>\n<link rel=\"canonical\" href=\"https:\/\/www.fondsdelunionbouddhistedefrance.fr\/index.php\/historique\/\" \/>\n<meta property=\"og:locale\" content=\"fr_FR\" \/>\n<meta property=\"og:type\" content=\"article\" \/>\n<meta property=\"og:title\" content=\"Historique - Fonds de l&#039;Union Bouddhiste de France\" \/>\n<meta property=\"og:description\" content=\"L\u2019Union Bouddhiste de France a cr\u00e9\u00e9 un fonds de dotation en juin 2020. Ce fonds d\u2019int\u00e9r\u00eat g\u00e9n\u00e9ral a pour but d\u2019\u0153uvrer dans les domaines social, \u00e9ducatif, culturel et environnemental pour tous.\" \/>\n<meta property=\"og:url\" content=\"https:\/\/www.fondsdelunionbouddhistedefrance.fr\/index.php\/historique\/\" \/>\n<meta property=\"og:site_name\" content=\"Fonds de l&#039;Union Bouddhiste de France\" \/>\n<meta property=\"article:modified_time\" content=\"2021-10-26T20:18:10+00:00\" \/>\n<meta property=\"og:image\" content=\"https:\/\/www.fondsdelunionbouddhistedefrance.fr\/wp-content\/uploads\/2021\/10\/image-17.jpeg\" \/>\n\t<meta property=\"og:image:width\" content=\"700\" \/>\n\t<meta property=\"og:image:height\" content=\"407\" \/>\n\t<meta property=\"og:image:type\" content=\"image\/jpeg\" \/>\n<meta name=\"twitter:card\" content=\"summary_large_image\" \/>\n<meta name=\"twitter:label1\" content=\"Dur\u00e9e de lecture estim\u00e9e\" \/>\n\t<meta name=\"twitter:data1\" content=\"1 minute\" \/>\n<script type=\"application\/ld+json\" class=\"yoast-schema-graph\">{\"@context\":\"https:\/\/schema.org\",\"@graph\":[{\"@type\":\"WebPage\",\"@id\":\"https:\/\/www.fondsdelunionbouddhistedefrance.fr\/index.php\/historique\/\",\"url\":\"https:\/\/www.fondsdelunionbouddhistedefrance.fr\/index.php\/historique\/\",\"name\":\"Historique - Fonds de l&#039;Union Bouddhiste de France\",\"isPartOf\":{\"@id\":\"https:\/\/www.fondsdelunionbouddhistedefrance.fr\/#website\"},\"primaryImageOfPage\":{\"@id\":\"https:\/\/www.fondsdelunionbouddhistedefrance.fr\/index.php\/historique\/#primaryimage\"},\"image\":{\"@id\":\"https:\/\/www.fondsdelunionbouddhistedefrance.fr\/index.php\/historique\/#primaryimage\"},\"thumbnailUrl\":\"https:\/\/www.fondsdelunionbouddhistedefrance.fr\/wp-content\/uploads\/2021\/10\/image-17.jpeg\",\"datePublished\":\"2020-06-12T15:43:30+00:00\",\"dateModified\":\"2021-10-26T20:18:10+00:00\",\"description\":\"L\u2019Union Bouddhiste de France a cr\u00e9\u00e9 un fonds de dotation en juin 2020. Ce fonds d\u2019int\u00e9r\u00eat g\u00e9n\u00e9ral a pour but d\u2019\u0153uvrer dans les domaines social, \u00e9ducatif, culturel et environnemental pour tous.\",\"breadcrumb\":{\"@id\":\"https:\/\/www.fondsdelunionbouddhistedefrance.fr\/index.php\/historique\/#breadcrumb\"},\"inLanguage\":\"fr-FR\",\"potentialAction\":[{\"@type\":\"ReadAction\",\"target\":[\"https:\/\/www.fondsdelunionbouddhistedefrance.fr\/index.php\/historique\/\"]}]},{\"@type\":\"ImageObject\",\"inLanguage\":\"fr-FR\",\"@id\":\"https:\/\/www.fondsdelunionbouddhistedefrance.fr\/index.php\/historique\/#primaryimage\",\"url\":\"https:\/\/www.fondsdelunionbouddhistedefrance.fr\/wp-content\/uploads\/2021\/10\/image-17.jpeg\",\"contentUrl\":\"https:\/\/www.fondsdelunionbouddhistedefrance.fr\/wp-content\/uploads\/2021\/10\/image-17.jpeg\",\"width\":700,\"height\":407},{\"@type\":\"BreadcrumbList\",\"@id\":\"https:\/\/www.fondsdelunionbouddhistedefrance.fr\/index.php\/historique\/#breadcrumb\",\"itemListElement\":[{\"@type\":\"ListItem\",\"position\":1,\"name\":\"Accueil\",\"item\":\"https:\/\/www.fondsdelunionbouddhistedefrance.fr\/\"},{\"@type\":\"ListItem\",\"position\":2,\"name\":\"Historique\"}]},{\"@type\":\"WebSite\",\"@id\":\"https:\/\/www.fondsdelunionbouddhistedefrance.fr\/#website\",\"url\":\"https:\/\/www.fondsdelunionbouddhistedefrance.fr\/\",\"name\":\"Fonds de l&#039;Union Bouddhiste de France\",\"description\":\"\",\"publisher\":{\"@id\":\"https:\/\/www.fondsdelunionbouddhistedefrance.fr\/#organization\"},\"potentialAction\":[{\"@type\":\"SearchAction\",\"target\":{\"@type\":\"EntryPoint\",\"urlTemplate\":\"https:\/\/www.fondsdelunionbouddhistedefrance.fr\/?s={search_term_string}\"},\"query-input\":\"required name=search_term_string\"}],\"inLanguage\":\"fr-FR\"},{\"@type\":\"Organization\",\"@id\":\"https:\/\/www.fondsdelunionbouddhistedefrance.fr\/#organization\",\"name\":\"Fonds de l'Union Bouddhiste de France\",\"url\":\"https:\/\/www.fondsdelunionbouddhistedefrance.fr\/\",\"logo\":{\"@type\":\"ImageObject\",\"inLanguage\":\"fr-FR\",\"@id\":\"https:\/\/www.fondsdelunionbouddhistedefrance.fr\/#\/schema\/logo\/image\/\",\"url\":\"https:\/\/www.fondsdelunionbouddhistedefrance.fr\/wp-content\/uploads\/2021\/10\/LOGO.png\",\"contentUrl\":\"https:\/\/www.fondsdelunionbouddhistedefrance.fr\/wp-content\/uploads\/2021\/10\/LOGO.png\",\"width\":2480,\"height\":1358,\"caption\":\"Fonds de l'Union Bouddhiste de France\"},\"image\":{\"@id\":\"https:\/\/www.fondsdelunionbouddhistedefrance.fr\/#\/schema\/logo\/image\/\"}}]}<\/script>\n<!-- \/ Yoast SEO plugin. -->","yoast_head_json":{"title":"Historique - Fonds de l&#039;Union Bouddhiste de France","description":"L\u2019Union Bouddhiste de France a cr\u00e9\u00e9 un fonds de dotation en juin 2020. Ce fonds d\u2019int\u00e9r\u00eat g\u00e9n\u00e9ral a pour but d\u2019\u0153uvrer dans les domaines social, \u00e9ducatif, culturel et environnemental pour tous.","robots":{"index":"index","follow":"follow","max-snippet":"max-snippet:-1","max-image-preview":"max-image-preview:large","max-video-preview":"max-video-preview:-1"},"canonical":"https:\/\/www.fondsdelunionbouddhistedefrance.fr\/index.php\/historique\/","og_locale":"fr_FR","og_type":"article","og_title":"Historique - Fonds de l&#039;Union Bouddhiste de France","og_description":"L\u2019Union Bouddhiste de France a cr\u00e9\u00e9 un fonds de dotation en juin 2020. Ce fonds d\u2019int\u00e9r\u00eat g\u00e9n\u00e9ral a pour but d\u2019\u0153uvrer dans les domaines social, \u00e9ducatif, culturel et environnemental pour tous.","og_url":"https:\/\/www.fondsdelunionbouddhistedefrance.fr\/index.php\/historique\/","og_site_name":"Fonds de l&#039;Union Bouddhiste de France","article_modified_time":"2021-10-26T20:18:10+00:00","og_image":[{"width":700,"height":407,"url":"https:\/\/www.fondsdelunionbouddhistedefrance.fr\/wp-content\/uploads\/2021\/10\/image-17.jpeg","type":"image\/jpeg"}],"twitter_card":"summary_large_image","twitter_misc":{"Dur\u00e9e de lecture estim\u00e9e":"1 minute"},"schema":{"@context":"https:\/\/schema.org","@graph":[{"@type":"WebPage","@id":"https:\/\/www.fondsdelunionbouddhistedefrance.fr\/index.php\/historique\/","url":"https:\/\/www.fondsdelunionbouddhistedefrance.fr\/index.php\/historique\/","name":"Historique - Fonds de l&#039;Union Bouddhiste de France","isPartOf":{"@id":"https:\/\/www.fondsdelunionbouddhistedefrance.fr\/#website"},"primaryImageOfPage":{"@id":"https:\/\/www.fondsdelunionbouddhistedefrance.fr\/index.php\/historique\/#primaryimage"},"image":{"@id":"https:\/\/www.fondsdelunionbouddhistedefrance.fr\/index.php\/historique\/#primaryimage"},"thumbnailUrl":"https:\/\/www.fondsdelunionbouddhistedefrance.fr\/wp-content\/uploads\/2021\/10\/image-17.jpeg","datePublished":"2020-06-12T15:43:30+00:00","dateModified":"2021-10-26T20:18:10+00:00","description":"L\u2019Union Bouddhiste de France a cr\u00e9\u00e9 un fonds de dotation en juin 2020. Ce fonds d\u2019int\u00e9r\u00eat g\u00e9n\u00e9ral a pour but d\u2019\u0153uvrer dans les domaines social, \u00e9ducatif, culturel et environnemental pour tous.","breadcrumb":{"@id":"https:\/\/www.fondsdelunionbouddhistedefrance.fr\/index.php\/historique\/#breadcrumb"},"inLanguage":"fr-FR","potentialAction":[{"@type":"ReadAction","target":["https:\/\/www.fondsdelunionbouddhistedefrance.fr\/index.php\/historique\/"]}]},{"@type":"ImageObject","inLanguage":"fr-FR","@id":"https:\/\/www.fondsdelunionbouddhistedefrance.fr\/index.php\/historique\/#primaryimage","url":"https:\/\/www.fondsdelunionbouddhistedefrance.fr\/wp-content\/uploads\/2021\/10\/image-17.jpeg","contentUrl":"https:\/\/www.fondsdelunionbouddhistedefrance.fr\/wp-content\/uploads\/2021\/10\/image-17.jpeg","width":700,"height":407},{"@type":"BreadcrumbList","@id":"https:\/\/www.fondsdelunionbouddhistedefrance.fr\/index.php\/historique\/#breadcrumb","itemListElement":[{"@type":"ListItem","position":1,"name":"Accueil","item":"https:\/\/www.fondsdelunionbouddhistedefrance.fr\/"},{"@type":"ListItem","position":2,"name":"Historique"}]},{"@type":"WebSite","@id":"https:\/\/www.fondsdelunionbouddhistedefrance.fr\/#website","url":"https:\/\/www.fondsdelunionbouddhistedefrance.fr\/","name":"Fonds de l&#039;Union Bouddhiste de France","description":"","publisher":{"@id":"https:\/\/www.fondsdelunionbouddhistedefrance.fr\/#organization"},"potentialAction":[{"@type":"SearchAction","target":{"@type":"EntryPoint","urlTemplate":"https:\/\/www.fondsdelunionbouddhistedefrance.fr\/?s={search_term_string}"},"query-input":"required name=search_term_string"}],"inLanguage":"fr-FR"},{"@type":"Organization","@id":"https:\/\/www.fondsdelunionbouddhistedefrance.fr\/#organization","name":"Fonds de l'Union Bouddhiste de France","url":"https:\/\/www.fondsdelunionbouddhistedefrance.fr\/","logo":{"@type":"ImageObject","inLanguage":"fr-FR","@id":"https:\/\/www.fondsdelunionbouddhistedefrance.fr\/#\/schema\/logo\/image\/","url":"https:\/\/www.fondsdelunionbouddhistedefrance.fr\/wp-content\/uploads\/2021\/10\/LOGO.png","contentUrl":"https:\/\/www.fondsdelunionbouddhistedefrance.fr\/wp-content\/uploads\/2021\/10\/LOGO.png","width":2480,"height":1358,"caption":"Fonds de l'Union Bouddhiste de France"},"image":{"@id":"https:\/\/www.fondsdelunionbouddhistedefrance.fr\/#\/schema\/logo\/image\/"}}]}},"_links":{"self":[{"href":"https:\/\/www.fondsdelunionbouddhistedefrance.fr\/index.php\/wp-json\/wp\/v2\/pages\/576"}],"collection":[{"href":"https:\/\/www.fondsdelunionbouddhistedefrance.fr\/index.php\/wp-json\/wp\/v2\/pages"}],"about":[{"href":"https:\/\/www.fondsdelunionbouddhistedefrance.fr\/index.php\/wp-json\/wp\/v2\/types\/page"}],"author":[{"embeddable":true,"href":"https:\/\/www.fondsdelunionbouddhistedefrance.fr\/index.php\/wp-json\/wp\/v2\/users\/1"}],"replies":[{"embeddable":true,"href":"https:\/\/www.fondsdelunionbouddhistedefrance.fr\/index.php\/wp-json\/wp\/v2\/comments?post=576"}],"version-history":[{"count":0,"href":"https:\/\/www.fondsdelunionbouddhistedefrance.fr\/index.php\/wp-json\/wp\/v2\/pages\/576\/revisions"}],"wp:featuredmedia":[{"embeddable":true,"href":"https:\/\/www.fondsdelunionbouddhistedefrance.fr\/index.php\/wp-json\/wp\/v2\/media\/739"}],"wp:attachment":[{"href":"https:\/\/www.fondsdelunionbouddhistedefrance.fr\/index.php\/wp-json\/wp\/v2\/media?parent=576"}],"curies":[{"name":"wp","href":"https:\/\/api.w.org\/{rel}","templated":true}]}}