{"id":634,"date":"2021-10-17T21:57:13","date_gmt":"2021-10-17T19:57:13","guid":{"rendered":"http:\/\/www.fondsdelunionbouddhistedefrance.fr\/?page_id=634"},"modified":"2023-01-27T12:04:59","modified_gmt":"2023-01-27T11:04:59","slug":"preserver-le-patrimoine","status":"publish","type":"page","link":"https:\/\/www.fondsdelunionbouddhistedefrance.fr\/index.php\/preserver-le-patrimoine\/","title":{"rendered":"Patrimoine"},"content":{"rendered":"\n<div style=\"height:147px\" aria-hidden=\"true\" class=\"wp-block-spacer\"><\/div>\n\n\n\n<div class=\"wp-block-stackable-columns stk-block-columns stk-block stk-7ef7348\" data-block-id=\"7ef7348\"><div class=\"stk-row stk-inner-blocks stk-block-content stk-content-align stk-7ef7348-column\">\n<div class=\"wp-block-stackable-column stk-block-column stk-column stk-block stk-19be19f\" data-block-id=\"19be19f\"><div class=\"stk-column-wrapper stk-block-column__content stk-container stk-19be19f-container stk--no-background stk--no-padding\"><div class=\"stk-block-content stk-inner-blocks\">\n<div class=\"wp-block-media-text alignwide is-stacked-on-mobile\" style=\"grid-template-columns:43% auto\"><figure class=\"wp-block-media-text__media\"><img decoding=\"async\" loading=\"lazy\" width=\"1024\" height=\"640\" src=\"http:\/\/www.fondsdelunionbouddhistedefrance.fr\/wp-content\/uploads\/2021\/10\/image-22-1024x640.jpeg\" alt=\"\" class=\"wp-image-746 size-full\" srcset=\"https:\/\/www.fondsdelunionbouddhistedefrance.fr\/wp-content\/uploads\/2021\/10\/image-22-1024x640.jpeg 1024w, https:\/\/www.fondsdelunionbouddhistedefrance.fr\/wp-content\/uploads\/2021\/10\/image-22-300x188.jpeg 300w, https:\/\/www.fondsdelunionbouddhistedefrance.fr\/wp-content\/uploads\/2021\/10\/image-22-768x480.jpeg 768w, https:\/\/www.fondsdelunionbouddhistedefrance.fr\/wp-content\/uploads\/2021\/10\/image-22.jpeg 1200w\" sizes=\"(max-width: 1024px) 100vw, 1024px\" \/><\/figure><div class=\"wp-block-media-text__content\">\n<h2 class=\"wp-block-heading\">Pr\u00e9server le patrimoine<\/h2>\n\n\n\n<p class=\"has-medium-font-size\">Par la mise en valeur et l\u2019entretien du site de la Grande Pagode de Vincennes, patrimoine architectural de la Ville de Paris, sanctuaire et haut lieu de la pens\u00e9e et du rayonnement bouddhique.<\/p>\n<\/div><\/div>\n<\/div><\/div><\/div>\n<\/div><\/div>\n\n\n\n<div style=\"height:147px\" aria-hidden=\"true\" class=\"wp-block-spacer\"><\/div>\n\n\n\n<div class=\"wp-block-stackable-divider is-style-bar stk-block-divider stk-block stk-68a6149\" data-block-id=\"68a6149\"><style>.stk-68a6149{min-height:0px !important}.stk-68a6149{opacity:1 !important}<\/style><hr class=\"stk-block-divider__hr\"\/><\/div>\n\n\n\n<h2 class=\"wp-block-heading\">Le site de la Grande Pagode de Vincennes<\/h2>\n\n\n\n<div class=\"wp-block-media-text is-stacked-on-mobile\" style=\"grid-template-columns:33% auto\"><figure class=\"wp-block-media-text__media\"><img decoding=\"async\" loading=\"lazy\" width=\"1024\" height=\"676\" src=\"http:\/\/www.fondsdelunionbouddhistedefrance.fr\/wp-content\/uploads\/2021\/10\/image-19-1024x676.jpeg\" alt=\"\" class=\"wp-image-743 size-full\" srcset=\"https:\/\/www.fondsdelunionbouddhistedefrance.fr\/wp-content\/uploads\/2021\/10\/image-19-1024x676.jpeg 1024w, https:\/\/www.fondsdelunionbouddhistedefrance.fr\/wp-content\/uploads\/2021\/10\/image-19-300x198.jpeg 300w, https:\/\/www.fondsdelunionbouddhistedefrance.fr\/wp-content\/uploads\/2021\/10\/image-19-768x507.jpeg 768w, https:\/\/www.fondsdelunionbouddhistedefrance.fr\/wp-content\/uploads\/2021\/10\/image-19.jpeg 1099w\" sizes=\"(max-width: 1024px) 100vw, 1024px\" \/><\/figure><div class=\"wp-block-media-text__content\">\n<p class=\"has-medium-font-size\">\u00ab\u00a0La Grande Pagode\u00a0\u00bb, aujourd\u2019hui si\u00e8ge de l\u2019Union Bouddhiste de France par une convention contract\u00e9e avec la Ville de Paris, est l\u2019un des derniers vestiges des b\u00e2timents \u00e9difi\u00e9s lors de l\u2019exposition coloniale de 1931 (asiatique et africaine). Elle n\u2019est en effet autre que la case africaine d\u00e9nomm\u00e9e \u00ab\u00a0Pavillon du Cameroun\u00a0\u00bb, pavillon \u00e0 charpente en bois construit en 1930 par les architectes Louis- Hippolyte Boileau et Charles Carri\u00e8re.<\/p>\n<\/div><\/div>\n\n\n\n<div class=\"wp-block-media-text has-media-on-the-right is-stacked-on-mobile is-vertically-aligned-center\" style=\"grid-template-columns:auto 33%\"><figure class=\"wp-block-media-text__media\"><img decoding=\"async\" loading=\"lazy\" width=\"700\" height=\"407\" src=\"http:\/\/www.fondsdelunionbouddhistedefrance.fr\/wp-content\/uploads\/2021\/10\/image-17.jpeg\" alt=\"\" class=\"wp-image-739 size-full\" srcset=\"https:\/\/www.fondsdelunionbouddhistedefrance.fr\/wp-content\/uploads\/2021\/10\/image-17.jpeg 700w, https:\/\/www.fondsdelunionbouddhistedefrance.fr\/wp-content\/uploads\/2021\/10\/image-17-300x174.jpeg 300w\" sizes=\"(max-width: 700px) 100vw, 700px\" \/><\/figure><div class=\"wp-block-media-text__content\">\n<p class=\"has-medium-font-size\">Le b\u00e2timent central haut de 28 m\u00e8tres qui abrita de 1933 \u00e0 1971 le Mus\u00e9e des Industries du Bois de la Ville de Paris, devint&nbsp;<strong>la \u00ab&nbsp;Grande Pagode&nbsp;\u00bb en 1977<\/strong>, \u00e0 la demande de&nbsp;<strong>Jean Sainteny<\/strong>, ancien officiel fran\u00e7ais au Cambodge, nomm\u00e9 Commissaire de la R\u00e9publique pour le Tonkin en 1945, tout en demeurant (comme les autres b\u00e2timents) la propri\u00e9t\u00e9 exclusive de la Ville de Paris.<\/p>\n<\/div><\/div>\n\n\n\n<div class=\"wp-block-media-text is-stacked-on-mobile is-vertically-aligned-center\" style=\"grid-template-columns:29% auto\"><figure class=\"wp-block-media-text__media\"><img decoding=\"async\" loading=\"lazy\" width=\"1024\" height=\"1024\" src=\"http:\/\/www.fondsdelunionbouddhistedefrance.fr\/wp-content\/uploads\/2021\/10\/image-20-1024x1024.jpeg\" alt=\"\" class=\"wp-image-744 size-full\" srcset=\"https:\/\/www.fondsdelunionbouddhistedefrance.fr\/wp-content\/uploads\/2021\/10\/image-20-1024x1024.jpeg 1024w, https:\/\/www.fondsdelunionbouddhistedefrance.fr\/wp-content\/uploads\/2021\/10\/image-20-300x300.jpeg 300w, https:\/\/www.fondsdelunionbouddhistedefrance.fr\/wp-content\/uploads\/2021\/10\/image-20-150x150.jpeg 150w, https:\/\/www.fondsdelunionbouddhistedefrance.fr\/wp-content\/uploads\/2021\/10\/image-20-768x768.jpeg 768w, https:\/\/www.fondsdelunionbouddhistedefrance.fr\/wp-content\/uploads\/2021\/10\/image-20.jpeg 1080w\" sizes=\"(max-width: 1024px) 100vw, 1024px\" \/><\/figure><div class=\"wp-block-media-text__content\">\n<p class=\"has-medium-font-size\">Devant l\u2019entr\u00e9e du site fut \u00e9rig\u00e9e en 1971, une sculpture repr\u00e9sentant un groupe de p\u00e8lerins zen, les \u00ab&nbsp;P\u00e8lerins des nuages et de l\u2019eau&nbsp;\u00bb, \u0153uvre du Japonais Torao Yazaki.<\/p>\n<\/div><\/div>\n\n\n\n<div class=\"wp-block-media-text has-media-on-the-right is-stacked-on-mobile\" style=\"grid-template-columns:auto 34%\"><figure class=\"wp-block-media-text__media\"><img decoding=\"async\" loading=\"lazy\" width=\"1024\" height=\"682\" src=\"http:\/\/www.fondsdelunionbouddhistedefrance.fr\/wp-content\/uploads\/2021\/10\/1929015131.3.jpg\" alt=\"\" class=\"wp-image-901 size-full\" srcset=\"https:\/\/www.fondsdelunionbouddhistedefrance.fr\/wp-content\/uploads\/2021\/10\/1929015131.3.jpg 1024w, https:\/\/www.fondsdelunionbouddhistedefrance.fr\/wp-content\/uploads\/2021\/10\/1929015131.3-300x200.jpg 300w, https:\/\/www.fondsdelunionbouddhistedefrance.fr\/wp-content\/uploads\/2021\/10\/1929015131.3-768x512.jpg 768w\" sizes=\"(max-width: 1024px) 100vw, 1024px\" \/><\/figure><div class=\"wp-block-media-text__content\">\n<p class=\"has-medium-font-size\">La Grande Pagode renferme&nbsp;<strong>une grande statue de Bouddha<\/strong>, haute de 10 m\u00e8tres, \u0153uvre du sculpteur yougoslave&nbsp;<strong>F. Moz\u00e8s<\/strong>&nbsp;et r\u00e9alis\u00e9 en six parties dans les ateliers du peintre Miro \u00e0 Paris. Cette statue impressionnante ne devait \u00eatre assimil\u00e9e \u00e0 aucune \u00e9cole particuli\u00e8re du bouddhisme, \u00e0 aucun v\u00e9hicule ni aucun particularisme ethnique puisque la pagode avait vocation internationale. Cette statue, l\u00e9g\u00e8rement androgyne, fait le mudra de la m\u00e9ditation, le dhyana-mudra, ce qui symbolise la communaut\u00e9 des personnes qui suivent l\u2019enseignement de Bouddha, le sangha.<\/p>\n\n\n\n<p class=\"has-medium-font-size\">Dans le m\u00eame b\u00e2timent, il est possible de d\u00e9couvrir diff\u00e9rentes repr\u00e9sentations de Bouddhas et de bodhisattvas, notamment Avalokiteshvara, bodhisattva de la compassion, appel\u00e9 Tchenrezi au Tibet et &#8211; sous une forme f\u00e9minine &#8211; Guanyin en Chine et Kannon au Japon.<\/p>\n<\/div><\/div>\n\n\n\n<div style=\"height:25px\" aria-hidden=\"true\" class=\"wp-block-spacer\"><\/div>\n\n\n\n<div class=\"wp-block-stackable-text stk-block-text stk-block stk-d750409\" data-block-id=\"d750409\"><p class=\"stk-block-text__text\"><a href=\"https:\/\/www.bouddhisme-france.org\/la-grande-pagode\/activites-a-la-pagode\/l-ubf-et-la-pagode\/Historique-de-la-Grande-Pagode\" data-type=\"URL\" data-id=\"https:\/\/www.bouddhisme-france.org\/la-grande-pagode\/activites-a-la-pagode\/l-ubf-et-la-pagode\/Historique-de-la-Grande-Pagode\" target=\"_blank\" rel=\"noreferrer noopener\">\u27a4 Plus d&#8217;informations sur le site de la Grande Pagode de Vincennes <\/a><\/p><\/div>\n\n\n\n<p><\/p>\n","protected":false},"excerpt":{"rendered":"<p>Pr\u00e9server le patrimoine Par la mise en valeur et l\u2019entretien du site de la Grande Pagode de Vincennes, patrimoine architectural de la Ville de Paris, sanctuaire et haut lieu de la pens\u00e9e et du rayonnement bouddhique. Le site de la Grande Pagode de Vincennes \u00ab\u00a0La Grande Pagode\u00a0\u00bb, aujourd\u2019hui si\u00e8ge de l\u2019Union Bouddhiste de France par [&hellip;]<\/p>\n","protected":false},"author":1,"featured_media":746,"parent":0,"menu_order":0,"comment_status":"closed","ping_status":"closed","template":"","meta":{"footnotes":""},"blocksy_meta":{"styles_descriptor":{"styles":{"desktop":"","tablet":"","mobile":""},"google_fonts":[],"version":6}},"featured_image_urls":{"full":["https:\/\/www.fondsdelunionbouddhistedefrance.fr\/wp-content\/uploads\/2021\/10\/image-22.jpeg",1200,750,false],"thumbnail":["https:\/\/www.fondsdelunionbouddhistedefrance.fr\/wp-content\/uploads\/2021\/10\/image-22-150x150.jpeg",150,150,true],"medium":["https:\/\/www.fondsdelunionbouddhistedefrance.fr\/wp-content\/uploads\/2021\/10\/image-22-300x188.jpeg",300,188,true],"medium_large":["https:\/\/www.fondsdelunionbouddhistedefrance.fr\/wp-content\/uploads\/2021\/10\/image-22-768x480.jpeg",768,480,true],"large":["https:\/\/www.fondsdelunionbouddhistedefrance.fr\/wp-content\/uploads\/2021\/10\/image-22-1024x640.jpeg",1024,640,true],"1536x1536":["https:\/\/www.fondsdelunionbouddhistedefrance.fr\/wp-content\/uploads\/2021\/10\/image-22.jpeg",1200,750,false],"2048x2048":["https:\/\/www.fondsdelunionbouddhistedefrance.fr\/wp-content\/uploads\/2021\/10\/image-22.jpeg",1200,750,false]},"post_excerpt_stackable":"<p>Pr\u00e9server le patrimoine Par la mise en valeur et l\u2019entretien du site de la Grande Pagode de Vincennes, patrimoine architectural de la Ville de Paris, sanctuaire et haut lieu de la pens\u00e9e et du rayonnement bouddhique. Le site de la Grande Pagode de Vincennes \u00ab\u00a0La Grande Pagode\u00a0\u00bb, aujourd\u2019hui si\u00e8ge de l\u2019Union Bouddhiste de France par une convention contract\u00e9e avec la Ville de Paris, est l\u2019un des derniers vestiges des b\u00e2timents \u00e9difi\u00e9s lors de l\u2019exposition coloniale de 1931 (asiatique et africaine). Elle n\u2019est en effet autre que la case africaine d\u00e9nomm\u00e9e \u00ab\u00a0Pavillon du Cameroun\u00a0\u00bb, pavillon \u00e0 charpente en bois construit en\u2026<\/p>\n","category_list":"","author_info":{"name":"admin6372","url":"https:\/\/www.fondsdelunionbouddhistedefrance.fr\/index.php\/author\/admin6372\/"},"comments_num":"0 commentaire","featured_image_urls_v2":{"full":["https:\/\/www.fondsdelunionbouddhistedefrance.fr\/wp-content\/uploads\/2021\/10\/image-22.jpeg",1200,750,false],"thumbnail":["https:\/\/www.fondsdelunionbouddhistedefrance.fr\/wp-content\/uploads\/2021\/10\/image-22-150x150.jpeg",150,150,true],"medium":["https:\/\/www.fondsdelunionbouddhistedefrance.fr\/wp-content\/uploads\/2021\/10\/image-22-300x188.jpeg",300,188,true],"medium_large":["https:\/\/www.fondsdelunionbouddhistedefrance.fr\/wp-content\/uploads\/2021\/10\/image-22-768x480.jpeg",768,480,true],"large":["https:\/\/www.fondsdelunionbouddhistedefrance.fr\/wp-content\/uploads\/2021\/10\/image-22-1024x640.jpeg",1024,640,true],"1536x1536":["https:\/\/www.fondsdelunionbouddhistedefrance.fr\/wp-content\/uploads\/2021\/10\/image-22.jpeg",1200,750,false],"2048x2048":["https:\/\/www.fondsdelunionbouddhistedefrance.fr\/wp-content\/uploads\/2021\/10\/image-22.jpeg",1200,750,false]},"post_excerpt_stackable_v2":"<p>Pr\u00e9server le patrimoine Par la mise en valeur et l\u2019entretien du site de la Grande Pagode de Vincennes, patrimoine architectural de la Ville de Paris, sanctuaire et haut lieu de la pens\u00e9e et du rayonnement bouddhique. Le site de la Grande Pagode de Vincennes \u00ab\u00a0La Grande Pagode\u00a0\u00bb, aujourd\u2019hui si\u00e8ge de l\u2019Union Bouddhiste de France par une convention contract\u00e9e avec la Ville de Paris, est l\u2019un des derniers vestiges des b\u00e2timents \u00e9difi\u00e9s lors de l\u2019exposition coloniale de 1931 (asiatique et africaine). Elle n\u2019est en effet autre que la case africaine d\u00e9nomm\u00e9e \u00ab\u00a0Pavillon du Cameroun\u00a0\u00bb, pavillon \u00e0 charpente en bois construit en\u2026<\/p>\n","category_list_v2":"","author_info_v2":{"name":"admin6372","url":"https:\/\/www.fondsdelunionbouddhistedefrance.fr\/index.php\/author\/admin6372\/"},"comments_num_v2":"0 commentaire","yoast_head":"<!-- This site is optimized with the Yoast SEO plugin v22.3 - https:\/\/yoast.com\/wordpress\/plugins\/seo\/ -->\n<title>Patrimoine - Fonds de l&#039;Union Bouddhiste de France<\/title>\n<meta name=\"robots\" content=\"index, follow, max-snippet:-1, max-image-preview:large, max-video-preview:-1\" \/>\n<link rel=\"canonical\" href=\"https:\/\/www.fondsdelunionbouddhistedefrance.fr\/index.php\/preserver-le-patrimoine\/\" \/>\n<meta property=\"og:locale\" content=\"fr_FR\" \/>\n<meta property=\"og:type\" content=\"article\" \/>\n<meta property=\"og:title\" content=\"Patrimoine - Fonds de l&#039;Union Bouddhiste de France\" \/>\n<meta property=\"og:description\" content=\"Pr\u00e9server le patrimoine Par la mise en valeur et l\u2019entretien du site de la Grande Pagode de Vincennes, patrimoine architectural de la Ville de Paris, sanctuaire et haut lieu de la pens\u00e9e et du rayonnement bouddhique. Le site de la Grande Pagode de Vincennes \u00ab\u00a0La Grande Pagode\u00a0\u00bb, aujourd\u2019hui si\u00e8ge de l\u2019Union Bouddhiste de France par [&hellip;]\" \/>\n<meta property=\"og:url\" content=\"https:\/\/www.fondsdelunionbouddhistedefrance.fr\/index.php\/preserver-le-patrimoine\/\" \/>\n<meta property=\"og:site_name\" content=\"Fonds de l&#039;Union Bouddhiste de France\" \/>\n<meta property=\"article:modified_time\" content=\"2023-01-27T11:04:59+00:00\" \/>\n<meta property=\"og:image\" content=\"https:\/\/www.fondsdelunionbouddhistedefrance.fr\/wp-content\/uploads\/2021\/10\/image-22.jpeg\" \/>\n\t<meta property=\"og:image:width\" content=\"1200\" \/>\n\t<meta property=\"og:image:height\" content=\"750\" \/>\n\t<meta property=\"og:image:type\" content=\"image\/jpeg\" \/>\n<meta name=\"twitter:card\" content=\"summary_large_image\" \/>\n<meta name=\"twitter:label1\" content=\"Dur\u00e9e de lecture estim\u00e9e\" \/>\n\t<meta name=\"twitter:data1\" content=\"3 minutes\" \/>\n<script type=\"application\/ld+json\" class=\"yoast-schema-graph\">{\"@context\":\"https:\/\/schema.org\",\"@graph\":[{\"@type\":\"WebPage\",\"@id\":\"https:\/\/www.fondsdelunionbouddhistedefrance.fr\/index.php\/preserver-le-patrimoine\/\",\"url\":\"https:\/\/www.fondsdelunionbouddhistedefrance.fr\/index.php\/preserver-le-patrimoine\/\",\"name\":\"Patrimoine - Fonds de l&#039;Union Bouddhiste de France\",\"isPartOf\":{\"@id\":\"https:\/\/www.fondsdelunionbouddhistedefrance.fr\/#website\"},\"primaryImageOfPage\":{\"@id\":\"https:\/\/www.fondsdelunionbouddhistedefrance.fr\/index.php\/preserver-le-patrimoine\/#primaryimage\"},\"image\":{\"@id\":\"https:\/\/www.fondsdelunionbouddhistedefrance.fr\/index.php\/preserver-le-patrimoine\/#primaryimage\"},\"thumbnailUrl\":\"https:\/\/www.fondsdelunionbouddhistedefrance.fr\/wp-content\/uploads\/2021\/10\/image-22.jpeg\",\"datePublished\":\"2021-10-17T19:57:13+00:00\",\"dateModified\":\"2023-01-27T11:04:59+00:00\",\"breadcrumb\":{\"@id\":\"https:\/\/www.fondsdelunionbouddhistedefrance.fr\/index.php\/preserver-le-patrimoine\/#breadcrumb\"},\"inLanguage\":\"fr-FR\",\"potentialAction\":[{\"@type\":\"ReadAction\",\"target\":[\"https:\/\/www.fondsdelunionbouddhistedefrance.fr\/index.php\/preserver-le-patrimoine\/\"]}]},{\"@type\":\"ImageObject\",\"inLanguage\":\"fr-FR\",\"@id\":\"https:\/\/www.fondsdelunionbouddhistedefrance.fr\/index.php\/preserver-le-patrimoine\/#primaryimage\",\"url\":\"https:\/\/www.fondsdelunionbouddhistedefrance.fr\/wp-content\/uploads\/2021\/10\/image-22.jpeg\",\"contentUrl\":\"https:\/\/www.fondsdelunionbouddhistedefrance.fr\/wp-content\/uploads\/2021\/10\/image-22.jpeg\",\"width\":1200,\"height\":750,\"caption\":\"La Grande Pagode apr\u00e8s r\u00e9novation\"},{\"@type\":\"BreadcrumbList\",\"@id\":\"https:\/\/www.fondsdelunionbouddhistedefrance.fr\/index.php\/preserver-le-patrimoine\/#breadcrumb\",\"itemListElement\":[{\"@type\":\"ListItem\",\"position\":1,\"name\":\"Accueil\",\"item\":\"https:\/\/www.fondsdelunionbouddhistedefrance.fr\/\"},{\"@type\":\"ListItem\",\"position\":2,\"name\":\"Patrimoine\"}]},{\"@type\":\"WebSite\",\"@id\":\"https:\/\/www.fondsdelunionbouddhistedefrance.fr\/#website\",\"url\":\"https:\/\/www.fondsdelunionbouddhistedefrance.fr\/\",\"name\":\"Fonds de l&#039;Union Bouddhiste de France\",\"description\":\"\",\"publisher\":{\"@id\":\"https:\/\/www.fondsdelunionbouddhistedefrance.fr\/#organization\"},\"potentialAction\":[{\"@type\":\"SearchAction\",\"target\":{\"@type\":\"EntryPoint\",\"urlTemplate\":\"https:\/\/www.fondsdelunionbouddhistedefrance.fr\/?s={search_term_string}\"},\"query-input\":\"required name=search_term_string\"}],\"inLanguage\":\"fr-FR\"},{\"@type\":\"Organization\",\"@id\":\"https:\/\/www.fondsdelunionbouddhistedefrance.fr\/#organization\",\"name\":\"Fonds de l'Union Bouddhiste de France\",\"url\":\"https:\/\/www.fondsdelunionbouddhistedefrance.fr\/\",\"logo\":{\"@type\":\"ImageObject\",\"inLanguage\":\"fr-FR\",\"@id\":\"https:\/\/www.fondsdelunionbouddhistedefrance.fr\/#\/schema\/logo\/image\/\",\"url\":\"https:\/\/www.fondsdelunionbouddhistedefrance.fr\/wp-content\/uploads\/2021\/10\/LOGO.png\",\"contentUrl\":\"https:\/\/www.fondsdelunionbouddhistedefrance.fr\/wp-content\/uploads\/2021\/10\/LOGO.png\",\"width\":2480,\"height\":1358,\"caption\":\"Fonds de l'Union Bouddhiste de France\"},\"image\":{\"@id\":\"https:\/\/www.fondsdelunionbouddhistedefrance.fr\/#\/schema\/logo\/image\/\"}}]}<\/script>\n<!-- \/ Yoast SEO plugin. -->","yoast_head_json":{"title":"Patrimoine - Fonds de l&#039;Union Bouddhiste de France","robots":{"index":"index","follow":"follow","max-snippet":"max-snippet:-1","max-image-preview":"max-image-preview:large","max-video-preview":"max-video-preview:-1"},"canonical":"https:\/\/www.fondsdelunionbouddhistedefrance.fr\/index.php\/preserver-le-patrimoine\/","og_locale":"fr_FR","og_type":"article","og_title":"Patrimoine - Fonds de l&#039;Union Bouddhiste de France","og_description":"Pr\u00e9server le patrimoine Par la mise en valeur et l\u2019entretien du site de la Grande Pagode de Vincennes, patrimoine architectural de la Ville de Paris, sanctuaire et haut lieu de la pens\u00e9e et du rayonnement bouddhique. Le site de la Grande Pagode de Vincennes \u00ab\u00a0La Grande Pagode\u00a0\u00bb, aujourd\u2019hui si\u00e8ge de l\u2019Union Bouddhiste de France par [&hellip;]","og_url":"https:\/\/www.fondsdelunionbouddhistedefrance.fr\/index.php\/preserver-le-patrimoine\/","og_site_name":"Fonds de l&#039;Union Bouddhiste de France","article_modified_time":"2023-01-27T11:04:59+00:00","og_image":[{"width":1200,"height":750,"url":"https:\/\/www.fondsdelunionbouddhistedefrance.fr\/wp-content\/uploads\/2021\/10\/image-22.jpeg","type":"image\/jpeg"}],"twitter_card":"summary_large_image","twitter_misc":{"Dur\u00e9e de lecture estim\u00e9e":"3 minutes"},"schema":{"@context":"https:\/\/schema.org","@graph":[{"@type":"WebPage","@id":"https:\/\/www.fondsdelunionbouddhistedefrance.fr\/index.php\/preserver-le-patrimoine\/","url":"https:\/\/www.fondsdelunionbouddhistedefrance.fr\/index.php\/preserver-le-patrimoine\/","name":"Patrimoine - Fonds de l&#039;Union Bouddhiste de France","isPartOf":{"@id":"https:\/\/www.fondsdelunionbouddhistedefrance.fr\/#website"},"primaryImageOfPage":{"@id":"https:\/\/www.fondsdelunionbouddhistedefrance.fr\/index.php\/preserver-le-patrimoine\/#primaryimage"},"image":{"@id":"https:\/\/www.fondsdelunionbouddhistedefrance.fr\/index.php\/preserver-le-patrimoine\/#primaryimage"},"thumbnailUrl":"https:\/\/www.fondsdelunionbouddhistedefrance.fr\/wp-content\/uploads\/2021\/10\/image-22.jpeg","datePublished":"2021-10-17T19:57:13+00:00","dateModified":"2023-01-27T11:04:59+00:00","breadcrumb":{"@id":"https:\/\/www.fondsdelunionbouddhistedefrance.fr\/index.php\/preserver-le-patrimoine\/#breadcrumb"},"inLanguage":"fr-FR","potentialAction":[{"@type":"ReadAction","target":["https:\/\/www.fondsdelunionbouddhistedefrance.fr\/index.php\/preserver-le-patrimoine\/"]}]},{"@type":"ImageObject","inLanguage":"fr-FR","@id":"https:\/\/www.fondsdelunionbouddhistedefrance.fr\/index.php\/preserver-le-patrimoine\/#primaryimage","url":"https:\/\/www.fondsdelunionbouddhistedefrance.fr\/wp-content\/uploads\/2021\/10\/image-22.jpeg","contentUrl":"https:\/\/www.fondsdelunionbouddhistedefrance.fr\/wp-content\/uploads\/2021\/10\/image-22.jpeg","width":1200,"height":750,"caption":"La Grande Pagode apr\u00e8s r\u00e9novation"},{"@type":"BreadcrumbList","@id":"https:\/\/www.fondsdelunionbouddhistedefrance.fr\/index.php\/preserver-le-patrimoine\/#breadcrumb","itemListElement":[{"@type":"ListItem","position":1,"name":"Accueil","item":"https:\/\/www.fondsdelunionbouddhistedefrance.fr\/"},{"@type":"ListItem","position":2,"name":"Patrimoine"}]},{"@type":"WebSite","@id":"https:\/\/www.fondsdelunionbouddhistedefrance.fr\/#website","url":"https:\/\/www.fondsdelunionbouddhistedefrance.fr\/","name":"Fonds de l&#039;Union Bouddhiste de France","description":"","publisher":{"@id":"https:\/\/www.fondsdelunionbouddhistedefrance.fr\/#organization"},"potentialAction":[{"@type":"SearchAction","target":{"@type":"EntryPoint","urlTemplate":"https:\/\/www.fondsdelunionbouddhistedefrance.fr\/?s={search_term_string}"},"query-input":"required name=search_term_string"}],"inLanguage":"fr-FR"},{"@type":"Organization","@id":"https:\/\/www.fondsdelunionbouddhistedefrance.fr\/#organization","name":"Fonds de l'Union Bouddhiste de France","url":"https:\/\/www.fondsdelunionbouddhistedefrance.fr\/","logo":{"@type":"ImageObject","inLanguage":"fr-FR","@id":"https:\/\/www.fondsdelunionbouddhistedefrance.fr\/#\/schema\/logo\/image\/","url":"https:\/\/www.fondsdelunionbouddhistedefrance.fr\/wp-content\/uploads\/2021\/10\/LOGO.png","contentUrl":"https:\/\/www.fondsdelunionbouddhistedefrance.fr\/wp-content\/uploads\/2021\/10\/LOGO.png","width":2480,"height":1358,"caption":"Fonds de l'Union Bouddhiste de France"},"image":{"@id":"https:\/\/www.fondsdelunionbouddhistedefrance.fr\/#\/schema\/logo\/image\/"}}]}},"_links":{"self":[{"href":"https:\/\/www.fondsdelunionbouddhistedefrance.fr\/index.php\/wp-json\/wp\/v2\/pages\/634"}],"collection":[{"href":"https:\/\/www.fondsdelunionbouddhistedefrance.fr\/index.php\/wp-json\/wp\/v2\/pages"}],"about":[{"href":"https:\/\/www.fondsdelunionbouddhistedefrance.fr\/index.php\/wp-json\/wp\/v2\/types\/page"}],"author":[{"embeddable":true,"href":"https:\/\/www.fondsdelunionbouddhistedefrance.fr\/index.php\/wp-json\/wp\/v2\/users\/1"}],"replies":[{"embeddable":true,"href":"https:\/\/www.fondsdelunionbouddhistedefrance.fr\/index.php\/wp-json\/wp\/v2\/comments?post=634"}],"version-history":[{"count":0,"href":"https:\/\/www.fondsdelunionbouddhistedefrance.fr\/index.php\/wp-json\/wp\/v2\/pages\/634\/revisions"}],"wp:featuredmedia":[{"embeddable":true,"href":"https:\/\/www.fondsdelunionbouddhistedefrance.fr\/index.php\/wp-json\/wp\/v2\/media\/746"}],"wp:attachment":[{"href":"https:\/\/www.fondsdelunionbouddhistedefrance.fr\/index.php\/wp-json\/wp\/v2\/media?parent=634"}],"curies":[{"name":"wp","href":"https:\/\/api.w.org\/{rel}","templated":true}]}}