{"id":646,"date":"2021-10-17T22:06:35","date_gmt":"2021-10-17T20:06:35","guid":{"rendered":"http:\/\/www.fondsdelunionbouddhistedefrance.fr\/?page_id=646"},"modified":"2023-01-27T11:53:15","modified_gmt":"2023-01-27T10:53:15","slug":"developper-laide-a-autrui","status":"publish","type":"page","link":"https:\/\/www.fondsdelunionbouddhistedefrance.fr\/index.php\/developper-laide-a-autrui\/","title":{"rendered":"Social"},"content":{"rendered":"\n<div style=\"height:148px\" aria-hidden=\"true\" class=\"wp-block-spacer\"><\/div>\n\n\n\n<div class=\"wp-block-stackable-columns alignwide stk-block-columns stk-block stk-1c195a2\" data-block-id=\"1c195a2\"><div class=\"stk-row stk-inner-blocks stk-block-content stk-content-align stk-1c195a2-column\">\n<div class=\"wp-block-stackable-column stk-block-column stk-column stk-block stk-d037dbd\" data-block-id=\"d037dbd\"><div class=\"stk-column-wrapper stk-block-column__content stk-container stk-d037dbd-container stk--no-background stk--no-padding\"><div class=\"stk-block-content stk-inner-blocks\">\n<figure class=\"wp-block-image is-resized\"><img decoding=\"async\" loading=\"lazy\" src=\"http:\/\/www.fondsdelunionbouddhistedefrance.fr\/wp-content\/uploads\/2021\/10\/shutterstock_533347954-copie-1024x683.jpg\" alt=\"\" class=\"wp-image-611\" width=\"621\" height=\"414\" srcset=\"https:\/\/www.fondsdelunionbouddhistedefrance.fr\/wp-content\/uploads\/2021\/10\/shutterstock_533347954-copie-1024x683.jpg 1024w, https:\/\/www.fondsdelunionbouddhistedefrance.fr\/wp-content\/uploads\/2021\/10\/shutterstock_533347954-copie-300x200.jpg 300w, https:\/\/www.fondsdelunionbouddhistedefrance.fr\/wp-content\/uploads\/2021\/10\/shutterstock_533347954-copie-768x512.jpg 768w, https:\/\/www.fondsdelunionbouddhistedefrance.fr\/wp-content\/uploads\/2021\/10\/shutterstock_533347954-copie-1536x1024.jpg 1536w, https:\/\/www.fondsdelunionbouddhistedefrance.fr\/wp-content\/uploads\/2021\/10\/shutterstock_533347954-copie-2048x1365.jpg 2048w\" sizes=\"(max-width: 621px) 100vw, 621px\" \/><\/figure>\n<\/div><\/div><\/div>\n\n\n\n<div class=\"wp-block-stackable-column stk-block-column stk-column stk-block stk-2cf0e5a\" data-block-id=\"2cf0e5a\"><div class=\"stk-column-wrapper stk-block-column__content stk-container stk-2cf0e5a-container stk--no-background stk--no-padding\"><div class=\"stk-block-content stk-inner-blocks\">\n<h2 class=\"wp-block-heading\">D\u00e9velopper l&#8217;aide \u00e0 autrui<\/h2>\n\n\n\n<p class=\"has-medium-font-size\">Par le soutien \u00e0 la formation des encadrants intervenant aupr\u00e8s des personnes isol\u00e9es, en souffrance, dans les institutions, dans les h\u00f4pitaux et en milieu carc\u00e9ral.<\/p>\n<\/div><\/div><\/div>\n<\/div><\/div>\n\n\n\n<div style=\"height:94px\" aria-hidden=\"true\" class=\"wp-block-spacer\"><\/div>\n\n\n\n<div class=\"wp-block-stackable-divider is-style-bar stk-block-divider stk-block stk-49d47e7\" data-block-id=\"49d47e7\"><hr class=\"stk-block-divider__hr\"\/><\/div>\n\n\n\n<div class=\"wp-block-stackable-columns alignwide stk-block-columns stk-block stk-5b6727a\" data-block-id=\"5b6727a\"><div class=\"stk-row stk-inner-blocks has-text-align-left stk-block-content stk-content-align stk-5b6727a-column\">\n<div class=\"wp-block-stackable-column stk-block-column stk-column stk-block stk-04e6505\" data-block-id=\"04e6505\"><style>@media screen and (min-width:768px){.stk-04e6505{flex:1 1 63.6% !important;max-width:63.6% !important}}<\/style><div class=\"stk-column-wrapper stk-block-column__content stk-container stk-04e6505-container stk--no-background stk--no-padding\"><div class=\"stk-block-content stk-inner-blocks\">\n<h2 class=\"wp-block-heading\"><\/h2>\n\n\n\n<p class=\"has-text-align-right has-medium-font-size\">Les valeurs bouddhistes \u00e9tant indissociables de la compassion envers les \u00eatres en souffrance, leur prolongement naturel inclut n\u00e9cessairement l&#8217;action directe d&#8217;aide \u00e0 autrui. <\/p>\n\n\n\n<p class=\"has-text-align-right has-medium-font-size\">Un des projets du fonds de dotation est donc l&#8217;aide sociale et aux personnes en souffrance. Le fonds finance actuellement des formations pour les personnes qui s&#8217;investissent dans l&#8217;aide \u00e0 autrui.<\/p>\n<\/div><\/div><\/div>\n\n\n\n<div class=\"wp-block-stackable-column stk-block-column stk-column stk-block stk-e5bc249\" data-block-id=\"e5bc249\"><style>@media screen and (min-width:768px){.stk-e5bc249{flex:1 1 36.4% !important;max-width:36.4% !important}}<\/style><div class=\"stk-column-wrapper stk-block-column__content stk-container stk-e5bc249-container stk--no-background stk--no-padding\"><div class=\"stk-block-content stk-inner-blocks\">\n<figure class=\"wp-block-image size-large\"><img decoding=\"async\" loading=\"lazy\" width=\"1024\" height=\"577\" src=\"http:\/\/www.fondsdelunionbouddhistedefrance.fr\/wp-content\/uploads\/2021\/10\/7df896204367382d18ed8ec1357285-1024x577.jpg\" alt=\"\" class=\"wp-image-903\" srcset=\"https:\/\/www.fondsdelunionbouddhistedefrance.fr\/wp-content\/uploads\/2021\/10\/7df896204367382d18ed8ec1357285-1024x577.jpg 1024w, https:\/\/www.fondsdelunionbouddhistedefrance.fr\/wp-content\/uploads\/2021\/10\/7df896204367382d18ed8ec1357285-300x169.jpg 300w, https:\/\/www.fondsdelunionbouddhistedefrance.fr\/wp-content\/uploads\/2021\/10\/7df896204367382d18ed8ec1357285-768x432.jpg 768w, https:\/\/www.fondsdelunionbouddhistedefrance.fr\/wp-content\/uploads\/2021\/10\/7df896204367382d18ed8ec1357285.jpg 1110w\" sizes=\"(max-width: 1024px) 100vw, 1024px\" \/><figcaption>Formation Emouna Science Po<\/figcaption><\/figure>\n<\/div><\/div><\/div>\n<\/div><\/div>\n\n\n\n<div style=\"height:107px\" aria-hidden=\"true\" class=\"wp-block-spacer\"><\/div>\n\n\n\n<div class=\"wp-block-group alignfull is-layout-flow wp-block-group-is-layout-flow\"><\/div>\n\n\n\n<p><\/p>\n","protected":false},"excerpt":{"rendered":"<p>D\u00e9velopper l&#8217;aide \u00e0 autrui Par le soutien \u00e0 la formation des encadrants intervenant aupr\u00e8s des personnes isol\u00e9es, en souffrance, dans les institutions, dans les h\u00f4pitaux et en milieu carc\u00e9ral. Les valeurs bouddhistes \u00e9tant indissociables de la compassion envers les \u00eatres en souffrance, leur prolongement naturel inclut n\u00e9cessairement l&#8217;action directe d&#8217;aide \u00e0 autrui. Un des projets [&hellip;]<\/p>\n","protected":false},"author":1,"featured_media":611,"parent":0,"menu_order":0,"comment_status":"closed","ping_status":"closed","template":"","meta":{"footnotes":""},"blocksy_meta":{"styles_descriptor":{"styles":{"desktop":"","tablet":"","mobile":""},"google_fonts":[],"version":6}},"featured_image_urls":{"full":["https:\/\/www.fondsdelunionbouddhistedefrance.fr\/wp-content\/uploads\/2021\/10\/shutterstock_533347954-copie-scaled.jpg",2560,1707,false],"thumbnail":["https:\/\/www.fondsdelunionbouddhistedefrance.fr\/wp-content\/uploads\/2021\/10\/shutterstock_533347954-copie-150x150.jpg",150,150,true],"medium":["https:\/\/www.fondsdelunionbouddhistedefrance.fr\/wp-content\/uploads\/2021\/10\/shutterstock_533347954-copie-300x200.jpg",300,200,true],"medium_large":["https:\/\/www.fondsdelunionbouddhistedefrance.fr\/wp-content\/uploads\/2021\/10\/shutterstock_533347954-copie-768x512.jpg",768,512,true],"large":["https:\/\/www.fondsdelunionbouddhistedefrance.fr\/wp-content\/uploads\/2021\/10\/shutterstock_533347954-copie-1024x683.jpg",1024,683,true],"1536x1536":["https:\/\/www.fondsdelunionbouddhistedefrance.fr\/wp-content\/uploads\/2021\/10\/shutterstock_533347954-copie-1536x1024.jpg",1536,1024,true],"2048x2048":["https:\/\/www.fondsdelunionbouddhistedefrance.fr\/wp-content\/uploads\/2021\/10\/shutterstock_533347954-copie-2048x1365.jpg",2048,1365,true]},"post_excerpt_stackable":"<p>D\u00e9velopper l&#8217;aide \u00e0 autrui Par le soutien \u00e0 la formation des encadrants intervenant aupr\u00e8s des personnes isol\u00e9es, en souffrance, dans les institutions, dans les h\u00f4pitaux et en milieu carc\u00e9ral. Les valeurs bouddhistes \u00e9tant indissociables de la compassion envers les \u00eatres en souffrance, leur prolongement naturel inclut n\u00e9cessairement l&#8217;action directe d&#8217;aide \u00e0 autrui. Un des projets du fonds de dotation est donc l&#8217;aide sociale et aux personnes en souffrance. Le fonds finance actuellement des formations pour les personnes qui s&#8217;investissent dans l&#8217;aide \u00e0 autrui. Formation Emouna Science Po<\/p>\n","category_list":"","author_info":{"name":"admin6372","url":"https:\/\/www.fondsdelunionbouddhistedefrance.fr\/index.php\/author\/admin6372\/"},"comments_num":"0 commentaire","featured_image_urls_v2":{"full":["https:\/\/www.fondsdelunionbouddhistedefrance.fr\/wp-content\/uploads\/2021\/10\/shutterstock_533347954-copie-scaled.jpg",2560,1707,false],"thumbnail":["https:\/\/www.fondsdelunionbouddhistedefrance.fr\/wp-content\/uploads\/2021\/10\/shutterstock_533347954-copie-150x150.jpg",150,150,true],"medium":["https:\/\/www.fondsdelunionbouddhistedefrance.fr\/wp-content\/uploads\/2021\/10\/shutterstock_533347954-copie-300x200.jpg",300,200,true],"medium_large":["https:\/\/www.fondsdelunionbouddhistedefrance.fr\/wp-content\/uploads\/2021\/10\/shutterstock_533347954-copie-768x512.jpg",768,512,true],"large":["https:\/\/www.fondsdelunionbouddhistedefrance.fr\/wp-content\/uploads\/2021\/10\/shutterstock_533347954-copie-1024x683.jpg",1024,683,true],"1536x1536":["https:\/\/www.fondsdelunionbouddhistedefrance.fr\/wp-content\/uploads\/2021\/10\/shutterstock_533347954-copie-1536x1024.jpg",1536,1024,true],"2048x2048":["https:\/\/www.fondsdelunionbouddhistedefrance.fr\/wp-content\/uploads\/2021\/10\/shutterstock_533347954-copie-2048x1365.jpg",2048,1365,true]},"post_excerpt_stackable_v2":"<p>D\u00e9velopper l&#8217;aide \u00e0 autrui Par le soutien \u00e0 la formation des encadrants intervenant aupr\u00e8s des personnes isol\u00e9es, en souffrance, dans les institutions, dans les h\u00f4pitaux et en milieu carc\u00e9ral. Les valeurs bouddhistes \u00e9tant indissociables de la compassion envers les \u00eatres en souffrance, leur prolongement naturel inclut n\u00e9cessairement l&#8217;action directe d&#8217;aide \u00e0 autrui. Un des projets du fonds de dotation est donc l&#8217;aide sociale et aux personnes en souffrance. Le fonds finance actuellement des formations pour les personnes qui s&#8217;investissent dans l&#8217;aide \u00e0 autrui. Formation Emouna Science Po<\/p>\n","category_list_v2":"","author_info_v2":{"name":"admin6372","url":"https:\/\/www.fondsdelunionbouddhistedefrance.fr\/index.php\/author\/admin6372\/"},"comments_num_v2":"0 commentaire","yoast_head":"<!-- This site is optimized with the Yoast SEO plugin v22.3 - https:\/\/yoast.com\/wordpress\/plugins\/seo\/ -->\n<title>Social - Fonds de l&#039;Union Bouddhiste de France<\/title>\n<meta name=\"description\" content=\"Les valeurs bouddhistes \u00e9tant indissociables de la compassion envers les \u00eatres en souffrance, leur prolongement naturel inclut n\u00e9cessairement l&#039;action directe d&#039;aide \u00e0 autrui.\" \/>\n<meta name=\"robots\" content=\"index, follow, max-snippet:-1, max-image-preview:large, max-video-preview:-1\" \/>\n<link rel=\"canonical\" href=\"https:\/\/www.fondsdelunionbouddhistedefrance.fr\/index.php\/developper-laide-a-autrui\/\" \/>\n<meta property=\"og:locale\" content=\"fr_FR\" \/>\n<meta property=\"og:type\" content=\"article\" \/>\n<meta property=\"og:title\" content=\"Social - Fonds de l&#039;Union Bouddhiste de France\" \/>\n<meta property=\"og:description\" content=\"Les valeurs bouddhistes \u00e9tant indissociables de la compassion envers les \u00eatres en souffrance, leur prolongement naturel inclut n\u00e9cessairement l&#039;action directe d&#039;aide \u00e0 autrui.\" \/>\n<meta property=\"og:url\" content=\"https:\/\/www.fondsdelunionbouddhistedefrance.fr\/index.php\/developper-laide-a-autrui\/\" \/>\n<meta property=\"og:site_name\" content=\"Fonds de l&#039;Union Bouddhiste de France\" \/>\n<meta property=\"article:modified_time\" content=\"2023-01-27T10:53:15+00:00\" \/>\n<meta property=\"og:image\" content=\"https:\/\/www.fondsdelunionbouddhistedefrance.fr\/wp-content\/uploads\/2021\/10\/shutterstock_533347954-copie-scaled.jpg\" \/>\n\t<meta property=\"og:image:width\" content=\"2560\" \/>\n\t<meta property=\"og:image:height\" content=\"1707\" \/>\n\t<meta property=\"og:image:type\" content=\"image\/jpeg\" \/>\n<meta name=\"twitter:card\" content=\"summary_large_image\" \/>\n<meta name=\"twitter:label1\" content=\"Dur\u00e9e de lecture estim\u00e9e\" \/>\n\t<meta name=\"twitter:data1\" content=\"1 minute\" \/>\n<script type=\"application\/ld+json\" class=\"yoast-schema-graph\">{\"@context\":\"https:\/\/schema.org\",\"@graph\":[{\"@type\":\"WebPage\",\"@id\":\"https:\/\/www.fondsdelunionbouddhistedefrance.fr\/index.php\/developper-laide-a-autrui\/\",\"url\":\"https:\/\/www.fondsdelunionbouddhistedefrance.fr\/index.php\/developper-laide-a-autrui\/\",\"name\":\"Social - Fonds de l&#039;Union Bouddhiste de France\",\"isPartOf\":{\"@id\":\"https:\/\/www.fondsdelunionbouddhistedefrance.fr\/#website\"},\"primaryImageOfPage\":{\"@id\":\"https:\/\/www.fondsdelunionbouddhistedefrance.fr\/index.php\/developper-laide-a-autrui\/#primaryimage\"},\"image\":{\"@id\":\"https:\/\/www.fondsdelunionbouddhistedefrance.fr\/index.php\/developper-laide-a-autrui\/#primaryimage\"},\"thumbnailUrl\":\"https:\/\/www.fondsdelunionbouddhistedefrance.fr\/wp-content\/uploads\/2021\/10\/shutterstock_533347954-copie-scaled.jpg\",\"datePublished\":\"2021-10-17T20:06:35+00:00\",\"dateModified\":\"2023-01-27T10:53:15+00:00\",\"description\":\"Les valeurs bouddhistes \u00e9tant indissociables de la compassion envers les \u00eatres en souffrance, leur prolongement naturel inclut n\u00e9cessairement l'action directe d'aide \u00e0 autrui.\",\"breadcrumb\":{\"@id\":\"https:\/\/www.fondsdelunionbouddhistedefrance.fr\/index.php\/developper-laide-a-autrui\/#breadcrumb\"},\"inLanguage\":\"fr-FR\",\"potentialAction\":[{\"@type\":\"ReadAction\",\"target\":[\"https:\/\/www.fondsdelunionbouddhistedefrance.fr\/index.php\/developper-laide-a-autrui\/\"]}]},{\"@type\":\"ImageObject\",\"inLanguage\":\"fr-FR\",\"@id\":\"https:\/\/www.fondsdelunionbouddhistedefrance.fr\/index.php\/developper-laide-a-autrui\/#primaryimage\",\"url\":\"https:\/\/www.fondsdelunionbouddhistedefrance.fr\/wp-content\/uploads\/2021\/10\/shutterstock_533347954-copie-scaled.jpg\",\"contentUrl\":\"https:\/\/www.fondsdelunionbouddhistedefrance.fr\/wp-content\/uploads\/2021\/10\/shutterstock_533347954-copie-scaled.jpg\",\"width\":2560,\"height\":1707,\"caption\":\"Close up hand of statue Buddha.buddhism concept\"},{\"@type\":\"BreadcrumbList\",\"@id\":\"https:\/\/www.fondsdelunionbouddhistedefrance.fr\/index.php\/developper-laide-a-autrui\/#breadcrumb\",\"itemListElement\":[{\"@type\":\"ListItem\",\"position\":1,\"name\":\"Accueil\",\"item\":\"https:\/\/www.fondsdelunionbouddhistedefrance.fr\/\"},{\"@type\":\"ListItem\",\"position\":2,\"name\":\"Social\"}]},{\"@type\":\"WebSite\",\"@id\":\"https:\/\/www.fondsdelunionbouddhistedefrance.fr\/#website\",\"url\":\"https:\/\/www.fondsdelunionbouddhistedefrance.fr\/\",\"name\":\"Fonds de l&#039;Union Bouddhiste de France\",\"description\":\"\",\"publisher\":{\"@id\":\"https:\/\/www.fondsdelunionbouddhistedefrance.fr\/#organization\"},\"potentialAction\":[{\"@type\":\"SearchAction\",\"target\":{\"@type\":\"EntryPoint\",\"urlTemplate\":\"https:\/\/www.fondsdelunionbouddhistedefrance.fr\/?s={search_term_string}\"},\"query-input\":\"required name=search_term_string\"}],\"inLanguage\":\"fr-FR\"},{\"@type\":\"Organization\",\"@id\":\"https:\/\/www.fondsdelunionbouddhistedefrance.fr\/#organization\",\"name\":\"Fonds de l'Union Bouddhiste de France\",\"url\":\"https:\/\/www.fondsdelunionbouddhistedefrance.fr\/\",\"logo\":{\"@type\":\"ImageObject\",\"inLanguage\":\"fr-FR\",\"@id\":\"https:\/\/www.fondsdelunionbouddhistedefrance.fr\/#\/schema\/logo\/image\/\",\"url\":\"https:\/\/www.fondsdelunionbouddhistedefrance.fr\/wp-content\/uploads\/2021\/10\/LOGO.png\",\"contentUrl\":\"https:\/\/www.fondsdelunionbouddhistedefrance.fr\/wp-content\/uploads\/2021\/10\/LOGO.png\",\"width\":2480,\"height\":1358,\"caption\":\"Fonds de l'Union Bouddhiste de France\"},\"image\":{\"@id\":\"https:\/\/www.fondsdelunionbouddhistedefrance.fr\/#\/schema\/logo\/image\/\"}}]}<\/script>\n<!-- \/ Yoast SEO plugin. -->","yoast_head_json":{"title":"Social - Fonds de l&#039;Union Bouddhiste de France","description":"Les valeurs bouddhistes \u00e9tant indissociables de la compassion envers les \u00eatres en souffrance, leur prolongement naturel inclut n\u00e9cessairement l'action directe d'aide \u00e0 autrui.","robots":{"index":"index","follow":"follow","max-snippet":"max-snippet:-1","max-image-preview":"max-image-preview:large","max-video-preview":"max-video-preview:-1"},"canonical":"https:\/\/www.fondsdelunionbouddhistedefrance.fr\/index.php\/developper-laide-a-autrui\/","og_locale":"fr_FR","og_type":"article","og_title":"Social - Fonds de l&#039;Union Bouddhiste de France","og_description":"Les valeurs bouddhistes \u00e9tant indissociables de la compassion envers les \u00eatres en souffrance, leur prolongement naturel inclut n\u00e9cessairement l'action directe d'aide \u00e0 autrui.","og_url":"https:\/\/www.fondsdelunionbouddhistedefrance.fr\/index.php\/developper-laide-a-autrui\/","og_site_name":"Fonds de l&#039;Union Bouddhiste de France","article_modified_time":"2023-01-27T10:53:15+00:00","og_image":[{"width":2560,"height":1707,"url":"https:\/\/www.fondsdelunionbouddhistedefrance.fr\/wp-content\/uploads\/2021\/10\/shutterstock_533347954-copie-scaled.jpg","type":"image\/jpeg"}],"twitter_card":"summary_large_image","twitter_misc":{"Dur\u00e9e de lecture estim\u00e9e":"1 minute"},"schema":{"@context":"https:\/\/schema.org","@graph":[{"@type":"WebPage","@id":"https:\/\/www.fondsdelunionbouddhistedefrance.fr\/index.php\/developper-laide-a-autrui\/","url":"https:\/\/www.fondsdelunionbouddhistedefrance.fr\/index.php\/developper-laide-a-autrui\/","name":"Social - Fonds de l&#039;Union Bouddhiste de France","isPartOf":{"@id":"https:\/\/www.fondsdelunionbouddhistedefrance.fr\/#website"},"primaryImageOfPage":{"@id":"https:\/\/www.fondsdelunionbouddhistedefrance.fr\/index.php\/developper-laide-a-autrui\/#primaryimage"},"image":{"@id":"https:\/\/www.fondsdelunionbouddhistedefrance.fr\/index.php\/developper-laide-a-autrui\/#primaryimage"},"thumbnailUrl":"https:\/\/www.fondsdelunionbouddhistedefrance.fr\/wp-content\/uploads\/2021\/10\/shutterstock_533347954-copie-scaled.jpg","datePublished":"2021-10-17T20:06:35+00:00","dateModified":"2023-01-27T10:53:15+00:00","description":"Les valeurs bouddhistes \u00e9tant indissociables de la compassion envers les \u00eatres en souffrance, leur prolongement naturel inclut n\u00e9cessairement l'action directe d'aide \u00e0 autrui.","breadcrumb":{"@id":"https:\/\/www.fondsdelunionbouddhistedefrance.fr\/index.php\/developper-laide-a-autrui\/#breadcrumb"},"inLanguage":"fr-FR","potentialAction":[{"@type":"ReadAction","target":["https:\/\/www.fondsdelunionbouddhistedefrance.fr\/index.php\/developper-laide-a-autrui\/"]}]},{"@type":"ImageObject","inLanguage":"fr-FR","@id":"https:\/\/www.fondsdelunionbouddhistedefrance.fr\/index.php\/developper-laide-a-autrui\/#primaryimage","url":"https:\/\/www.fondsdelunionbouddhistedefrance.fr\/wp-content\/uploads\/2021\/10\/shutterstock_533347954-copie-scaled.jpg","contentUrl":"https:\/\/www.fondsdelunionbouddhistedefrance.fr\/wp-content\/uploads\/2021\/10\/shutterstock_533347954-copie-scaled.jpg","width":2560,"height":1707,"caption":"Close up hand of statue Buddha.buddhism concept"},{"@type":"BreadcrumbList","@id":"https:\/\/www.fondsdelunionbouddhistedefrance.fr\/index.php\/developper-laide-a-autrui\/#breadcrumb","itemListElement":[{"@type":"ListItem","position":1,"name":"Accueil","item":"https:\/\/www.fondsdelunionbouddhistedefrance.fr\/"},{"@type":"ListItem","position":2,"name":"Social"}]},{"@type":"WebSite","@id":"https:\/\/www.fondsdelunionbouddhistedefrance.fr\/#website","url":"https:\/\/www.fondsdelunionbouddhistedefrance.fr\/","name":"Fonds de l&#039;Union Bouddhiste de France","description":"","publisher":{"@id":"https:\/\/www.fondsdelunionbouddhistedefrance.fr\/#organization"},"potentialAction":[{"@type":"SearchAction","target":{"@type":"EntryPoint","urlTemplate":"https:\/\/www.fondsdelunionbouddhistedefrance.fr\/?s={search_term_string}"},"query-input":"required name=search_term_string"}],"inLanguage":"fr-FR"},{"@type":"Organization","@id":"https:\/\/www.fondsdelunionbouddhistedefrance.fr\/#organization","name":"Fonds de l'Union Bouddhiste de France","url":"https:\/\/www.fondsdelunionbouddhistedefrance.fr\/","logo":{"@type":"ImageObject","inLanguage":"fr-FR","@id":"https:\/\/www.fondsdelunionbouddhistedefrance.fr\/#\/schema\/logo\/image\/","url":"https:\/\/www.fondsdelunionbouddhistedefrance.fr\/wp-content\/uploads\/2021\/10\/LOGO.png","contentUrl":"https:\/\/www.fondsdelunionbouddhistedefrance.fr\/wp-content\/uploads\/2021\/10\/LOGO.png","width":2480,"height":1358,"caption":"Fonds de l'Union Bouddhiste de France"},"image":{"@id":"https:\/\/www.fondsdelunionbouddhistedefrance.fr\/#\/schema\/logo\/image\/"}}]}},"_links":{"self":[{"href":"https:\/\/www.fondsdelunionbouddhistedefrance.fr\/index.php\/wp-json\/wp\/v2\/pages\/646"}],"collection":[{"href":"https:\/\/www.fondsdelunionbouddhistedefrance.fr\/index.php\/wp-json\/wp\/v2\/pages"}],"about":[{"href":"https:\/\/www.fondsdelunionbouddhistedefrance.fr\/index.php\/wp-json\/wp\/v2\/types\/page"}],"author":[{"embeddable":true,"href":"https:\/\/www.fondsdelunionbouddhistedefrance.fr\/index.php\/wp-json\/wp\/v2\/users\/1"}],"replies":[{"embeddable":true,"href":"https:\/\/www.fondsdelunionbouddhistedefrance.fr\/index.php\/wp-json\/wp\/v2\/comments?post=646"}],"version-history":[{"count":0,"href":"https:\/\/www.fondsdelunionbouddhistedefrance.fr\/index.php\/wp-json\/wp\/v2\/pages\/646\/revisions"}],"wp:featuredmedia":[{"embeddable":true,"href":"https:\/\/www.fondsdelunionbouddhistedefrance.fr\/index.php\/wp-json\/wp\/v2\/media\/611"}],"wp:attachment":[{"href":"https:\/\/www.fondsdelunionbouddhistedefrance.fr\/index.php\/wp-json\/wp\/v2\/media?parent=646"}],"curies":[{"name":"wp","href":"https:\/\/api.w.org\/{rel}","templated":true}]}}