{"id":83,"date":"2020-06-17T17:01:02","date_gmt":"2020-06-17T17:01:02","guid":{"rendered":"https:\/\/demo.creativethemes.com\/blocksy\/charity\/?page_id=83"},"modified":"2023-01-27T11:47:06","modified_gmt":"2023-01-27T10:47:06","slug":"faire-un-don","status":"publish","type":"page","link":"https:\/\/www.fondsdelunionbouddhistedefrance.fr\/index.php\/faire-un-don\/","title":{"rendered":"Faire un don"},"content":{"rendered":"\n<div class=\"wp-block-ugb-card ugb-card ugb-7b32a86 ugb-card--v2 ugb-card--design-plain ugb-card--columns-3 ugb-main-block\"><style>.ugb-7b32a86 .ugb-card__title,.ugb-7b32a86 .ugb-card__subtitle,.ugb-7b32a86 .ugb-card__description,.ugb-7b32a86 .ugb-button-container{text-align:center}.ugb-7b32a86 .ugb-card__image{margin-bottom:40px !important}.ugb-7b32a86 .ugb-card__item1 .ugb-card__image{background-image:url(http:\/\/www.fondsdelunionbouddhistedefrance.fr\/wp-content\/uploads\/2021\/10\/shutterstock_533347954-copie-1024x683.jpg)}.ugb-7b32a86 .ugb-card__item2 .ugb-card__image{background-image:url(http:\/\/www.fondsdelunionbouddhistedefrance.fr\/wp-content\/uploads\/2021\/10\/image-22-1024x640.jpeg)}.ugb-7b32a86 .ugb-card__item3 .ugb-card__image{background-image:url(http:\/\/www.fondsdelunionbouddhistedefrance.fr\/wp-content\/uploads\/2021\/10\/image-2-1024x538.png)}.ugb-7b32a86 .ugb-card__title{font-size:23px !important}.ugb-7b32a86 .ugb-card__subtitle{font-size:19px !important;margin-bottom:39px !important}.ugb-7b32a86 .ugb-button{background-color:var(--theme-palette-color-1);padding-right:14px;padding-left:14px;border-radius:0px !important}.ugb-7b32a86 .ugb-button .ugb-button--inner,.ugb-7b32a86 .ugb-button svg:not(.ugb-custom-icon){color:var(--theme-palette-color-4) !important}.ugb-7b32a86 .ugb-button:before{border-radius:0px !important}.ugb-7b32a86 .ugb-button-container{margin-bottom:86px !important}.ugb-7b32a86 .ugb-inner-block{text-align:center}@media screen and (min-width:768px){.ugb-7b32a86.ugb-card{margin-top:130px !important}}@media screen and (min-width:768px) and (max-width:1025px){.ugb-7b32a86 .ugb-button-container{margin-bottom:30px !important}.ugb-7b32a86.ugb-card{margin-top:80px !important}}<\/style><div class=\"ugb-inner-block\"><div class=\"ugb-block-content\"><div class=\"ugb-card__item ugb-card__item1\"><div class=\"ugb-card__image ugb--shadow-\"><\/div><div class=\"ugb-card__content\"><h4 class=\"ugb-card__title\">D\u00e9velopper l&#8217;aide \u00e0 autrui<\/h4><p class=\"ugb-card__subtitle\"><a href=\"http:\/\/www.fondsdelunionbouddhistedefrance.fr\/index.php\/developper-laide-a-autrui\/\" data-type=\"page\" data-id=\"646\"> \u27a4 Plus d&#8217;informations<\/a><\/p><div class=\"ugb-button-container\"><a class=\"ugb-button ugb-button--size-large\" href=\"https:\/\/fonds-ubf.assoconnect.com\/collect\/description\/203723-j-developper-l-aide-a-autrui?iframe=1\" target=\"_blank\" rel=\"noopener noreferrer\" title=\"\"><span class=\"ugb-button--inner\">Faire un don<\/span><\/a><\/div><\/div><\/div><div class=\"ugb-card__item ugb-card__item2\"><div class=\"ugb-card__image ugb--shadow-\"><\/div><div class=\"ugb-card__content\"><h4 class=\"ugb-card__title\">Pr\u00e9server le patrimoine<\/h4><p class=\"ugb-card__subtitle\"><a href=\"http:\/\/www.fondsdelunionbouddhistedefrance.fr\/index.php\/preserver-le-patrimoine\/\" data-type=\"page\" data-id=\"634\"> \u27a4 Plus d&#8217;informations<\/a><\/p><div class=\"ugb-button-container\"><a class=\"ugb-button ugb-button--size-large\" href=\"https:\/\/fonds-ubf.assoconnect.com\/collect\/description\/205095-j-preserver-le-patrimoine?iframe=1\" target=\"_blank\" rel=\"noopener noreferrer\" title=\"\"><span class=\"ugb-button--inner\">Faire un don<\/span><\/a><\/div><\/div><\/div><div class=\"ugb-card__item ugb-card__item3\"><div class=\"ugb-card__image ugb--shadow-\"><\/div><div class=\"ugb-card__content\"><h4 class=\"ugb-card__title\">Promouvoir la culture et les valeurs bouddhistes en France et \u00e0 l&#8217;\u00c9tranger<\/h4><p class=\"ugb-card__subtitle\"><a href=\"http:\/\/www.fondsdelunionbouddhistedefrance.fr\/index.php\/promouvoir-la-culture-et-la-pensee-bouddhistes-en-france-et-a-letranger\/\" data-type=\"page\" data-id=\"649\"> \u27a4 Plus d&#8217;informations<\/a><\/p><div class=\"ugb-button-container\"><a class=\"ugb-button ugb-button--size-large\" href=\"https:\/\/fonds-ubf.assoconnect.com\/collect\/description\/205097-j-promouvoir-la-culture-et-la-pensee-bouddhistes-en-france-et-a-l-etranger?iframe=1\" target=\"_blank\" rel=\"noopener noreferrer\" title=\"\"><span class=\"ugb-button--inner\">Faire un don<\/span><\/a><\/div><\/div><\/div><\/div><\/div><\/div>\n\n\n\n<div class=\"wp-block-stackable-divider stk-block-divider stk-block stk-5cea6d5\" data-block-id=\"5cea6d5\"><hr class=\"stk-block-divider__hr\"\/><\/div>\n\n\n\n<div style=\"height:63px\" aria-hidden=\"true\" class=\"wp-block-spacer\"><\/div>\n\n\n\n<div class=\"wp-block-stackable-columns stk-block-columns stk-block stk-738333a\" data-block-id=\"738333a\"><div class=\"stk-row stk-inner-blocks stk-block-content stk-content-align stk-738333a-column\">\n<div class=\"wp-block-stackable-column stk-block-column stk-column stk-block stk-cceecc2\" data-block-id=\"cceecc2\"><style>@media screen and (min-width:768px){.stk-cceecc2{flex:1 1 50% !important;max-width:50% !important}}.stk-cceecc2-container{margin-top:30px !important;margin-right:30px !important;margin-bottom:30px !important;margin-left:30px !important}<\/style><div class=\"stk-column-wrapper stk-block-column__content stk-container stk-cceecc2-container stk--no-background stk--no-padding\"><div class=\"stk-block-content stk-inner-blocks\">\n<h4 class=\"wp-block-heading\">POURQUOI DONNER ?<\/h4>\n\n\n\n<p>Le Fonds de dotation de l&#8217;Union Bouddhiste de France est un fonds d&#8217;int\u00e9r\u00eat g\u00e9n\u00e9ral qui&nbsp;voit ses comptes v\u00e9rifi\u00e9s et certifi\u00e9s chaque ann\u00e9e par un commissaire aux comptes. <\/p>\n\n\n\n<p>L&#8217;utilisation des ressources ainsi collect\u00e9es fait l&#8217;objet d&#8217;une certification sp\u00e9cifique par le commissaire aux comptes et d&#8217;une transmission aux pouvoirs publics.<\/p>\n\n\n\n<p>Les dons vers\u00e9s au Fonds de dotation de l&#8217;Union Bouddhiste de France sont d\u00e9ductibles des imp\u00f4ts.<\/p>\n\n\n\n<p><strong>R\u00c9DUCTION FISCALE&nbsp;<\/strong><br><strong>Avec votre don<\/strong>&nbsp;b\u00e9n\u00e9ficiez d&#8217;importants avantages fiscaux<br>\u2022&nbsp;<strong>66%<\/strong>&nbsp;\u00e0 d\u00e9duire de votre imp\u00f4t sur le revenu<br>\u2022&nbsp;<strong>60%<\/strong>&nbsp;de l&#8217;imp\u00f4t sur les soci\u00e9t\u00e9s.<\/p>\n<\/div><\/div><\/div>\n\n\n\n<div class=\"wp-block-stackable-column stk-block-column stk-column stk-block stk-ff23485\" data-block-id=\"ff23485\"><style>@media screen and (min-width:768px){.stk-ff23485{flex:1 1 50% !important;max-width:50% !important}}.stk-ff23485-container{margin-top:30px !important;margin-right:30px !important;margin-bottom:30px !important;margin-left:30px !important}<\/style><div class=\"stk-column-wrapper stk-block-column__content stk-container stk-ff23485-container stk--no-background stk--no-padding\"><div class=\"stk-block-content stk-inner-blocks\">\n<h4 class=\"wp-block-heading\">RESPECT DE VOTRE VIE PRIV\u00c9E<\/h4>\n\n\n\n<p>Vos coordonn\u00e9es sont indispensables pour vous envoyer votre re\u00e7u fiscal.<\/p>\n\n\n\n<p>Conform\u00e9ment \u00e0 la loi informatique et libert\u00e9s du 6 janvier 1978, vous disposez d&#8217;un droit d&#8217;acc\u00e8s, de modification, de rectification et de suppression des donn\u00e9es vous concernant.<\/p>\n\n\n\n<p>Pour exercer ce droit, adressez-vous \u00e0 :<br>Fonds de l&#8217;Union Bouddhiste de France<br>40 bis, Route de la ceinture du Lac Daumesnil<br>75012 PARIS <\/p>\n\n\n\n<p>T\u00e9l: 07 87 12 14 49<br>Email :&nbsp;<a href=\"mailto:contact@fondationduprotestantisme.org\">contact@fonds-ubf.fr<\/a><\/p>\n<\/div><\/div><\/div>\n<\/div><\/div>\n\n\n\n<div style=\"height:63px\" aria-hidden=\"true\" class=\"wp-block-spacer\"><\/div>\n","protected":false},"excerpt":{"rendered":"<p>D\u00e9velopper l&#8217;aide \u00e0 autrui \u27a4 Plus d&#8217;informations Faire un don Pr\u00e9server le patrimoine \u27a4 Plus d&#8217;informations Faire un don Promouvoir la culture et les valeurs bouddhistes en France et \u00e0 l&#8217;\u00c9tranger \u27a4 Plus d&#8217;informations Faire un don POURQUOI DONNER ? Le Fonds de dotation de l&#8217;Union Bouddhiste de France est un fonds d&#8217;int\u00e9r\u00eat g\u00e9n\u00e9ral qui&nbsp;voit [&hellip;]<\/p>\n","protected":false},"author":1,"featured_media":609,"parent":0,"menu_order":0,"comment_status":"closed","ping_status":"closed","template":"","meta":{"footnotes":""},"blocksy_meta":{"styles_descriptor":{"styles":{"desktop":"","tablet":"","mobile":""},"google_fonts":[],"version":6}},"featured_image_urls":{"full":["https:\/\/www.fondsdelunionbouddhistedefrance.fr\/wp-content\/uploads\/2021\/10\/main3.jpg",1475,1149,false],"thumbnail":["https:\/\/www.fondsdelunionbouddhistedefrance.fr\/wp-content\/uploads\/2021\/10\/main3-150x150.jpg",150,150,true],"medium":["https:\/\/www.fondsdelunionbouddhistedefrance.fr\/wp-content\/uploads\/2021\/10\/main3-300x234.jpg",300,234,true],"medium_large":["https:\/\/www.fondsdelunionbouddhistedefrance.fr\/wp-content\/uploads\/2021\/10\/main3-768x598.jpg",768,598,true],"large":["https:\/\/www.fondsdelunionbouddhistedefrance.fr\/wp-content\/uploads\/2021\/10\/main3-1024x798.jpg",1024,798,true],"1536x1536":["https:\/\/www.fondsdelunionbouddhistedefrance.fr\/wp-content\/uploads\/2021\/10\/main3.jpg",1475,1149,false],"2048x2048":["https:\/\/www.fondsdelunionbouddhistedefrance.fr\/wp-content\/uploads\/2021\/10\/main3.jpg",1475,1149,false]},"post_excerpt_stackable":"<p>D\u00e9velopper l&#8217;aide \u00e0 autrui \u27a4 Plus d&#8217;informationsFaire un donPr\u00e9server le patrimoine \u27a4 Plus d&#8217;informationsFaire un donPromouvoir la culture et les valeurs bouddhistes en France et \u00e0 l&#8217;\u00c9tranger \u27a4 Plus d&#8217;informationsFaire un don POURQUOI DONNER ? Le Fonds de dotation de l&#8217;Union Bouddhiste de France est un fonds d&#8217;int\u00e9r\u00eat g\u00e9n\u00e9ral qui&nbsp;voit ses comptes v\u00e9rifi\u00e9s et certifi\u00e9s chaque ann\u00e9e par un commissaire aux comptes. L&#8217;utilisation des ressources ainsi collect\u00e9es fait l&#8217;objet d&#8217;une certification sp\u00e9cifique par le commissaire aux comptes et d&#8217;une transmission aux pouvoirs publics. Les dons vers\u00e9s au Fonds de dotation de l&#8217;Union Bouddhiste de France sont d\u00e9ductibles des imp\u00f4ts. R\u00c9DUCTION\u2026<\/p>\n","category_list":"","author_info":{"name":"admin6372","url":"https:\/\/www.fondsdelunionbouddhistedefrance.fr\/index.php\/author\/admin6372\/"},"comments_num":"0 commentaire","featured_image_urls_v2":{"full":["https:\/\/www.fondsdelunionbouddhistedefrance.fr\/wp-content\/uploads\/2021\/10\/main3.jpg",1475,1149,false],"thumbnail":["https:\/\/www.fondsdelunionbouddhistedefrance.fr\/wp-content\/uploads\/2021\/10\/main3-150x150.jpg",150,150,true],"medium":["https:\/\/www.fondsdelunionbouddhistedefrance.fr\/wp-content\/uploads\/2021\/10\/main3-300x234.jpg",300,234,true],"medium_large":["https:\/\/www.fondsdelunionbouddhistedefrance.fr\/wp-content\/uploads\/2021\/10\/main3-768x598.jpg",768,598,true],"large":["https:\/\/www.fondsdelunionbouddhistedefrance.fr\/wp-content\/uploads\/2021\/10\/main3-1024x798.jpg",1024,798,true],"1536x1536":["https:\/\/www.fondsdelunionbouddhistedefrance.fr\/wp-content\/uploads\/2021\/10\/main3.jpg",1475,1149,false],"2048x2048":["https:\/\/www.fondsdelunionbouddhistedefrance.fr\/wp-content\/uploads\/2021\/10\/main3.jpg",1475,1149,false]},"post_excerpt_stackable_v2":"<p>D\u00e9velopper l&#8217;aide \u00e0 autrui \u27a4 Plus d&#8217;informationsFaire un donPr\u00e9server le patrimoine \u27a4 Plus d&#8217;informationsFaire un donPromouvoir la culture et les valeurs bouddhistes en France et \u00e0 l&#8217;\u00c9tranger \u27a4 Plus d&#8217;informationsFaire un don POURQUOI DONNER ? Le Fonds de dotation de l&#8217;Union Bouddhiste de France est un fonds d&#8217;int\u00e9r\u00eat g\u00e9n\u00e9ral qui&nbsp;voit ses comptes v\u00e9rifi\u00e9s et certifi\u00e9s chaque ann\u00e9e par un commissaire aux comptes. L&#8217;utilisation des ressources ainsi collect\u00e9es fait l&#8217;objet d&#8217;une certification sp\u00e9cifique par le commissaire aux comptes et d&#8217;une transmission aux pouvoirs publics. Les dons vers\u00e9s au Fonds de dotation de l&#8217;Union Bouddhiste de France sont d\u00e9ductibles des imp\u00f4ts. R\u00c9DUCTION\u2026<\/p>\n","category_list_v2":"","author_info_v2":{"name":"admin6372","url":"https:\/\/www.fondsdelunionbouddhistedefrance.fr\/index.php\/author\/admin6372\/"},"comments_num_v2":"0 commentaire","yoast_head":"<!-- This site is optimized with the Yoast SEO plugin v22.3 - https:\/\/yoast.com\/wordpress\/plugins\/seo\/ -->\n<title>Faire un don - Fonds de l&#039;Union Bouddhiste de France<\/title>\n<meta name=\"description\" content=\"Les dons vers\u00e9s au fonds de l&#039;Union Bouddhiste de France sont d\u00e9ductibles des imp\u00f4ts.\" \/>\n<meta name=\"robots\" content=\"index, follow, max-snippet:-1, max-image-preview:large, max-video-preview:-1\" \/>\n<link rel=\"canonical\" href=\"https:\/\/www.fondsdelunionbouddhistedefrance.fr\/index.php\/faire-un-don\/\" \/>\n<meta property=\"og:locale\" content=\"fr_FR\" \/>\n<meta property=\"og:type\" content=\"article\" \/>\n<meta property=\"og:title\" content=\"Faire un don - Fonds de l&#039;Union Bouddhiste de France\" \/>\n<meta property=\"og:description\" content=\"Les dons vers\u00e9s au fonds de l&#039;Union Bouddhiste de France sont d\u00e9ductibles des imp\u00f4ts.\" \/>\n<meta property=\"og:url\" content=\"https:\/\/www.fondsdelunionbouddhistedefrance.fr\/index.php\/faire-un-don\/\" \/>\n<meta property=\"og:site_name\" content=\"Fonds de l&#039;Union Bouddhiste de France\" \/>\n<meta property=\"article:modified_time\" content=\"2023-01-27T10:47:06+00:00\" \/>\n<meta property=\"og:image\" content=\"https:\/\/www.fondsdelunionbouddhistedefrance.fr\/wp-content\/uploads\/2021\/10\/main3.jpg\" \/>\n\t<meta property=\"og:image:width\" content=\"1475\" \/>\n\t<meta property=\"og:image:height\" content=\"1149\" \/>\n\t<meta property=\"og:image:type\" content=\"image\/jpeg\" \/>\n<meta name=\"twitter:card\" content=\"summary_large_image\" \/>\n<meta name=\"twitter:label1\" content=\"Dur\u00e9e de lecture estim\u00e9e\" \/>\n\t<meta name=\"twitter:data1\" content=\"2 minutes\" \/>\n<script type=\"application\/ld+json\" class=\"yoast-schema-graph\">{\"@context\":\"https:\/\/schema.org\",\"@graph\":[{\"@type\":\"WebPage\",\"@id\":\"https:\/\/www.fondsdelunionbouddhistedefrance.fr\/index.php\/faire-un-don\/\",\"url\":\"https:\/\/www.fondsdelunionbouddhistedefrance.fr\/index.php\/faire-un-don\/\",\"name\":\"Faire un don - Fonds de l&#039;Union Bouddhiste de France\",\"isPartOf\":{\"@id\":\"https:\/\/www.fondsdelunionbouddhistedefrance.fr\/#website\"},\"primaryImageOfPage\":{\"@id\":\"https:\/\/www.fondsdelunionbouddhistedefrance.fr\/index.php\/faire-un-don\/#primaryimage\"},\"image\":{\"@id\":\"https:\/\/www.fondsdelunionbouddhistedefrance.fr\/index.php\/faire-un-don\/#primaryimage\"},\"thumbnailUrl\":\"https:\/\/www.fondsdelunionbouddhistedefrance.fr\/wp-content\/uploads\/2021\/10\/main3.jpg\",\"datePublished\":\"2020-06-17T17:01:02+00:00\",\"dateModified\":\"2023-01-27T10:47:06+00:00\",\"description\":\"Les dons vers\u00e9s au fonds de l'Union Bouddhiste de France sont d\u00e9ductibles des imp\u00f4ts.\",\"breadcrumb\":{\"@id\":\"https:\/\/www.fondsdelunionbouddhistedefrance.fr\/index.php\/faire-un-don\/#breadcrumb\"},\"inLanguage\":\"fr-FR\",\"potentialAction\":[{\"@type\":\"ReadAction\",\"target\":[\"https:\/\/www.fondsdelunionbouddhistedefrance.fr\/index.php\/faire-un-don\/\"]}]},{\"@type\":\"ImageObject\",\"inLanguage\":\"fr-FR\",\"@id\":\"https:\/\/www.fondsdelunionbouddhistedefrance.fr\/index.php\/faire-un-don\/#primaryimage\",\"url\":\"https:\/\/www.fondsdelunionbouddhistedefrance.fr\/wp-content\/uploads\/2021\/10\/main3.jpg\",\"contentUrl\":\"https:\/\/www.fondsdelunionbouddhistedefrance.fr\/wp-content\/uploads\/2021\/10\/main3.jpg\",\"width\":1475,\"height\":1149},{\"@type\":\"BreadcrumbList\",\"@id\":\"https:\/\/www.fondsdelunionbouddhistedefrance.fr\/index.php\/faire-un-don\/#breadcrumb\",\"itemListElement\":[{\"@type\":\"ListItem\",\"position\":1,\"name\":\"Accueil\",\"item\":\"https:\/\/www.fondsdelunionbouddhistedefrance.fr\/\"},{\"@type\":\"ListItem\",\"position\":2,\"name\":\"Faire un don\"}]},{\"@type\":\"WebSite\",\"@id\":\"https:\/\/www.fondsdelunionbouddhistedefrance.fr\/#website\",\"url\":\"https:\/\/www.fondsdelunionbouddhistedefrance.fr\/\",\"name\":\"Fonds de l&#039;Union Bouddhiste de France\",\"description\":\"\",\"publisher\":{\"@id\":\"https:\/\/www.fondsdelunionbouddhistedefrance.fr\/#organization\"},\"potentialAction\":[{\"@type\":\"SearchAction\",\"target\":{\"@type\":\"EntryPoint\",\"urlTemplate\":\"https:\/\/www.fondsdelunionbouddhistedefrance.fr\/?s={search_term_string}\"},\"query-input\":\"required name=search_term_string\"}],\"inLanguage\":\"fr-FR\"},{\"@type\":\"Organization\",\"@id\":\"https:\/\/www.fondsdelunionbouddhistedefrance.fr\/#organization\",\"name\":\"Fonds de l'Union Bouddhiste de France\",\"url\":\"https:\/\/www.fondsdelunionbouddhistedefrance.fr\/\",\"logo\":{\"@type\":\"ImageObject\",\"inLanguage\":\"fr-FR\",\"@id\":\"https:\/\/www.fondsdelunionbouddhistedefrance.fr\/#\/schema\/logo\/image\/\",\"url\":\"https:\/\/www.fondsdelunionbouddhistedefrance.fr\/wp-content\/uploads\/2021\/10\/LOGO.png\",\"contentUrl\":\"https:\/\/www.fondsdelunionbouddhistedefrance.fr\/wp-content\/uploads\/2021\/10\/LOGO.png\",\"width\":2480,\"height\":1358,\"caption\":\"Fonds de l'Union Bouddhiste de France\"},\"image\":{\"@id\":\"https:\/\/www.fondsdelunionbouddhistedefrance.fr\/#\/schema\/logo\/image\/\"}}]}<\/script>\n<!-- \/ Yoast SEO plugin. -->","yoast_head_json":{"title":"Faire un don - Fonds de l&#039;Union Bouddhiste de France","description":"Les dons vers\u00e9s au fonds de l'Union Bouddhiste de France sont d\u00e9ductibles des imp\u00f4ts.","robots":{"index":"index","follow":"follow","max-snippet":"max-snippet:-1","max-image-preview":"max-image-preview:large","max-video-preview":"max-video-preview:-1"},"canonical":"https:\/\/www.fondsdelunionbouddhistedefrance.fr\/index.php\/faire-un-don\/","og_locale":"fr_FR","og_type":"article","og_title":"Faire un don - Fonds de l&#039;Union Bouddhiste de France","og_description":"Les dons vers\u00e9s au fonds de l'Union Bouddhiste de France sont d\u00e9ductibles des imp\u00f4ts.","og_url":"https:\/\/www.fondsdelunionbouddhistedefrance.fr\/index.php\/faire-un-don\/","og_site_name":"Fonds de l&#039;Union Bouddhiste de France","article_modified_time":"2023-01-27T10:47:06+00:00","og_image":[{"width":1475,"height":1149,"url":"https:\/\/www.fondsdelunionbouddhistedefrance.fr\/wp-content\/uploads\/2021\/10\/main3.jpg","type":"image\/jpeg"}],"twitter_card":"summary_large_image","twitter_misc":{"Dur\u00e9e de lecture estim\u00e9e":"2 minutes"},"schema":{"@context":"https:\/\/schema.org","@graph":[{"@type":"WebPage","@id":"https:\/\/www.fondsdelunionbouddhistedefrance.fr\/index.php\/faire-un-don\/","url":"https:\/\/www.fondsdelunionbouddhistedefrance.fr\/index.php\/faire-un-don\/","name":"Faire un don - Fonds de l&#039;Union Bouddhiste de France","isPartOf":{"@id":"https:\/\/www.fondsdelunionbouddhistedefrance.fr\/#website"},"primaryImageOfPage":{"@id":"https:\/\/www.fondsdelunionbouddhistedefrance.fr\/index.php\/faire-un-don\/#primaryimage"},"image":{"@id":"https:\/\/www.fondsdelunionbouddhistedefrance.fr\/index.php\/faire-un-don\/#primaryimage"},"thumbnailUrl":"https:\/\/www.fondsdelunionbouddhistedefrance.fr\/wp-content\/uploads\/2021\/10\/main3.jpg","datePublished":"2020-06-17T17:01:02+00:00","dateModified":"2023-01-27T10:47:06+00:00","description":"Les dons vers\u00e9s au fonds de l'Union Bouddhiste de France sont d\u00e9ductibles des imp\u00f4ts.","breadcrumb":{"@id":"https:\/\/www.fondsdelunionbouddhistedefrance.fr\/index.php\/faire-un-don\/#breadcrumb"},"inLanguage":"fr-FR","potentialAction":[{"@type":"ReadAction","target":["https:\/\/www.fondsdelunionbouddhistedefrance.fr\/index.php\/faire-un-don\/"]}]},{"@type":"ImageObject","inLanguage":"fr-FR","@id":"https:\/\/www.fondsdelunionbouddhistedefrance.fr\/index.php\/faire-un-don\/#primaryimage","url":"https:\/\/www.fondsdelunionbouddhistedefrance.fr\/wp-content\/uploads\/2021\/10\/main3.jpg","contentUrl":"https:\/\/www.fondsdelunionbouddhistedefrance.fr\/wp-content\/uploads\/2021\/10\/main3.jpg","width":1475,"height":1149},{"@type":"BreadcrumbList","@id":"https:\/\/www.fondsdelunionbouddhistedefrance.fr\/index.php\/faire-un-don\/#breadcrumb","itemListElement":[{"@type":"ListItem","position":1,"name":"Accueil","item":"https:\/\/www.fondsdelunionbouddhistedefrance.fr\/"},{"@type":"ListItem","position":2,"name":"Faire un don"}]},{"@type":"WebSite","@id":"https:\/\/www.fondsdelunionbouddhistedefrance.fr\/#website","url":"https:\/\/www.fondsdelunionbouddhistedefrance.fr\/","name":"Fonds de l&#039;Union Bouddhiste de France","description":"","publisher":{"@id":"https:\/\/www.fondsdelunionbouddhistedefrance.fr\/#organization"},"potentialAction":[{"@type":"SearchAction","target":{"@type":"EntryPoint","urlTemplate":"https:\/\/www.fondsdelunionbouddhistedefrance.fr\/?s={search_term_string}"},"query-input":"required name=search_term_string"}],"inLanguage":"fr-FR"},{"@type":"Organization","@id":"https:\/\/www.fondsdelunionbouddhistedefrance.fr\/#organization","name":"Fonds de l'Union Bouddhiste de France","url":"https:\/\/www.fondsdelunionbouddhistedefrance.fr\/","logo":{"@type":"ImageObject","inLanguage":"fr-FR","@id":"https:\/\/www.fondsdelunionbouddhistedefrance.fr\/#\/schema\/logo\/image\/","url":"https:\/\/www.fondsdelunionbouddhistedefrance.fr\/wp-content\/uploads\/2021\/10\/LOGO.png","contentUrl":"https:\/\/www.fondsdelunionbouddhistedefrance.fr\/wp-content\/uploads\/2021\/10\/LOGO.png","width":2480,"height":1358,"caption":"Fonds de l'Union Bouddhiste de France"},"image":{"@id":"https:\/\/www.fondsdelunionbouddhistedefrance.fr\/#\/schema\/logo\/image\/"}}]}},"_links":{"self":[{"href":"https:\/\/www.fondsdelunionbouddhistedefrance.fr\/index.php\/wp-json\/wp\/v2\/pages\/83"}],"collection":[{"href":"https:\/\/www.fondsdelunionbouddhistedefrance.fr\/index.php\/wp-json\/wp\/v2\/pages"}],"about":[{"href":"https:\/\/www.fondsdelunionbouddhistedefrance.fr\/index.php\/wp-json\/wp\/v2\/types\/page"}],"author":[{"embeddable":true,"href":"https:\/\/www.fondsdelunionbouddhistedefrance.fr\/index.php\/wp-json\/wp\/v2\/users\/1"}],"replies":[{"embeddable":true,"href":"https:\/\/www.fondsdelunionbouddhistedefrance.fr\/index.php\/wp-json\/wp\/v2\/comments?post=83"}],"version-history":[{"count":0,"href":"https:\/\/www.fondsdelunionbouddhistedefrance.fr\/index.php\/wp-json\/wp\/v2\/pages\/83\/revisions"}],"wp:featuredmedia":[{"embeddable":true,"href":"https:\/\/www.fondsdelunionbouddhistedefrance.fr\/index.php\/wp-json\/wp\/v2\/media\/609"}],"wp:attachment":[{"href":"https:\/\/www.fondsdelunionbouddhistedefrance.fr\/index.php\/wp-json\/wp\/v2\/media?parent=83"}],"curies":[{"name":"wp","href":"https:\/\/api.w.org\/{rel}","templated":true}]}}